{"id":3357,"date":"2025-04-24T10:39:00","date_gmt":"2025-04-24T08:39:00","guid":{"rendered":"https:\/\/pedaleurdecharme.nl\/?post_type=product&#038;p=3357"},"modified":"2026-03-25T00:11:21","modified_gmt":"2026-03-24T22:11:21","slug":"surchaussures-aero-personnalisees","status":"publish","type":"product","link":"https:\/\/pedaleurdecharme.com\/fr\/product\/gepersonaliseerde-aero-overschoenen\/","title":{"rendered":"Surchaussure a\u00e9rodynamique personnalis\u00e9e : avec illustration de votre propre cycliste\/vedette du cyclisme"},"content":{"rendered":"<p>Les surchaussures sont dot\u00e9es d'une double bande de silicone, ce qui leur permet de rester en place et de ne pas s'affaisser. Il s'agit d'un produit de haute qualit\u00e9, mais \u00e0 un prix tr\u00e8s comp\u00e9titif.<\/p>\n<p><strong>Instructions de lavage<\/strong><\/p>\n<ul>\n<li>Lavage \u00e0 30 degr\u00e9s<\/li>\n<li>Ne les mettez pas dans le s\u00e8che-linge<\/li>\n<\/ul>\n<p><strong>Tissu<\/strong><br \/>\n45% polyester<br \/>\n30% PU<br \/>\n20% nylon<br \/>\n5% spandex<\/p>\n<p><strong>Dimensions approximatives<\/strong><br \/>\nS - 38 - 40<br \/>\nM - 40-43<br \/>\nL - 43-45<br \/>\nXL - 45-47<\/p>\n<p>Les surchaussures ont une coupe a\u00e9rodynamique. Si vous n'\u00eates pas s\u00fbr de la taille, prenez une taille au-dessus.<\/p>\n<p><strong>Exp\u00e9dition<\/strong><\/p>\n<p>Nous exp\u00e9dions dans un d\u00e9lai de 1 \u00e0 2 jours ouvrables, y compris \u00e0 l'\u00e9tranger. <a href=\"https:\/\/pedaleurdecharme.com\/fr\/verzendkosten\/\" target=\"_blank\" rel=\"noopener noreferrer\">\u00e0 l'\u00e9tranger<\/a>.<\/p>","protected":false},"excerpt":{"rendered":"<p>Nos surchaussures a\u00e9rodynamiques pr\u00e9sentent plusieurs avantages : vous prot\u00e9gez vos chaussures de la salet\u00e9 et de la pluie fine, et la r\u00e9sistance \u00e0 l'air autour de vos pieds diminue. De plus, elles sont tr\u00e8s \u00e9l\u00e9gantes !<\/p>\n<p>Votre propre surchaussure en quelques \u00e9tapes simples :<\/p>\n<p><strong>\u00c9tape 1 :<\/strong> Commandez votre surchaussure personnalis\u00e9e<br \/>\n<strong>\u00c9tape 2 :<\/strong>\u00a0T\u00e9l\u00e9chargez vos photos, votre logo, vos id\u00e9es apr\u00e8s la commande.<br \/>\n<strong>\u00c9tape 3 :<\/strong>\u00a0Nous r\u00e9digerons un projet sur lequel vous pourrez donner votre avis.<br \/>\n<strong>\u00c9tape 4 :<\/strong>\u00a0Nous imprimons les chaussettes et\/ou les couvre-chaussures et vous les envoyons.<\/p>\n<p>Les surchaussures ont une coupe a\u00e9rodynamique. Si vous n'\u00eates pas s\u00fbr de la taille, prenez une taille au-dessus.<\/p>","protected":false},"featured_media":3362,"comment_status":"open","ping_status":"closed","template":"","meta":[],"product_brand":[340],"product_cat":[316,74],"product_tag":[337,338,100,317],"class_list":{"0":"post-3357","1":"product","2":"type-product","3":"status-publish","4":"has-post-thumbnail","6":"product_brand-pedaleur-de-charme","7":"product_cat-aero-overschoenen","8":"product_cat-gepersonaliseerde-sokken","9":"product_tag-aero-botjes","10":"product_tag-botjes","11":"product_tag-gepersonaliseerd","12":"product_tag-overschoenen","14":"first","15":"instock","16":"featured","17":"shipping-taxable","18":"purchasable","19":"product-type-variable"},"yoast_head":"<!-- This site is optimized with the Yoast SEO plugin v27.4 - https:\/\/yoast.com\/product\/yoast-seo-wordpress\/ -->\n<title>Gepersonaliseerde aero overschoen: met illustratie van je eigen wielrenner\/wielrenster - Pedaleur de Charme<\/title>\n<meta name=\"description\" content=\"Met deze aero overschoenen bescherm je niet alleen je schoenen tegen vuil en bespaar je kostbare watts, je ziet er ook nog eens superstrak uit!\" \/>\n<meta name=\"robots\" content=\"index, follow, max-snippet:-1, max-image-preview:large, max-video-preview:-1\" \/>\n<link rel=\"canonical\" href=\"https:\/\/pedaleurdecharme.com\/fr\/produit\/surchaussures-aero-personnalisees\/\" \/>\n<meta property=\"og:locale\" content=\"fr_FR\" \/>\n<meta property=\"og:type\" content=\"article\" \/>\n<meta property=\"og:title\" content=\"Gepersonaliseerde aero overschoen: met illustratie van je eigen wielrenner\/wielrenster - Pedaleur de Charme\" \/>\n<meta property=\"og:description\" content=\"Met deze aero overschoenen bescherm je niet alleen je schoenen tegen vuil en bespaar je kostbare watts, je ziet er ook nog eens superstrak uit!\" \/>\n<meta property=\"og:url\" content=\"https:\/\/pedaleurdecharme.com\/fr\/produit\/surchaussures-aero-personnalisees\/\" \/>\n<meta property=\"og:site_name\" content=\"Pedaleur de Charme\" \/>\n<meta property=\"article:modified_time\" content=\"2026-03-24T22:11:21+00:00\" \/>\n<meta property=\"og:image\" content=\"https:\/\/pedaleurdecharme.com\/wp-content\/uploads\/2025\/04\/gepersonaliseerde-aero-overschoenen.jpg\" \/>\n\t<meta property=\"og:image:width\" content=\"800\" \/>\n\t<meta property=\"og:image:height\" content=\"1017\" \/>\n\t<meta property=\"og:image:type\" content=\"image\/jpeg\" \/>\n<meta name=\"twitter:card\" content=\"summary_large_image\" \/>\n<meta name=\"twitter:label1\" content=\"Dur\u00e9e de lecture estim\u00e9e\" \/>\n\t<meta name=\"twitter:data1\" content=\"1 minute\" \/>\n<script type=\"application\/ld+json\" class=\"yoast-schema-graph\">{\"@context\":\"https:\\\/\\\/schema.org\",\"@graph\":[{\"@type\":\"WebPage\",\"@id\":\"https:\\\/\\\/pedaleurdecharme.com\\\/product\\\/gepersonaliseerde-aero-overschoenen\\\/\",\"url\":\"https:\\\/\\\/pedaleurdecharme.com\\\/product\\\/gepersonaliseerde-aero-overschoenen\\\/\",\"name\":\"Gepersonaliseerde aero overschoen: met illustratie van je eigen wielrenner\\\/wielrenster - Pedaleur de Charme\",\"isPartOf\":{\"@id\":\"https:\\\/\\\/pedaleurdecharme.com\\\/#website\"},\"primaryImageOfPage\":{\"@id\":\"https:\\\/\\\/pedaleurdecharme.com\\\/product\\\/gepersonaliseerde-aero-overschoenen\\\/#primaryimage\"},\"image\":{\"@id\":\"https:\\\/\\\/pedaleurdecharme.com\\\/product\\\/gepersonaliseerde-aero-overschoenen\\\/#primaryimage\"},\"thumbnailUrl\":\"https:\\\/\\\/pedaleurdecharme.com\\\/wp-content\\\/uploads\\\/2025\\\/04\\\/gepersonaliseerde-aero-overschoenen.jpg\",\"datePublished\":\"2025-04-24T08:39:00+00:00\",\"dateModified\":\"2026-03-24T22:11:21+00:00\",\"description\":\"Met deze aero overschoenen bescherm je niet alleen je schoenen tegen vuil en bespaar je kostbare watts, je ziet er ook nog eens superstrak uit!\",\"breadcrumb\":{\"@id\":\"https:\\\/\\\/pedaleurdecharme.com\\\/product\\\/gepersonaliseerde-aero-overschoenen\\\/#breadcrumb\"},\"inLanguage\":\"fr-FR\",\"potentialAction\":[{\"@type\":\"ReadAction\",\"target\":[\"https:\\\/\\\/pedaleurdecharme.com\\\/product\\\/gepersonaliseerde-aero-overschoenen\\\/\"]}]},{\"@type\":\"ImageObject\",\"inLanguage\":\"fr-FR\",\"@id\":\"https:\\\/\\\/pedaleurdecharme.com\\\/product\\\/gepersonaliseerde-aero-overschoenen\\\/#primaryimage\",\"url\":\"https:\\\/\\\/pedaleurdecharme.com\\\/wp-content\\\/uploads\\\/2025\\\/04\\\/gepersonaliseerde-aero-overschoenen.jpg\",\"contentUrl\":\"https:\\\/\\\/pedaleurdecharme.com\\\/wp-content\\\/uploads\\\/2025\\\/04\\\/gepersonaliseerde-aero-overschoenen.jpg\",\"width\":800,\"height\":1017},{\"@type\":\"BreadcrumbList\",\"@id\":\"https:\\\/\\\/pedaleurdecharme.com\\\/product\\\/gepersonaliseerde-aero-overschoenen\\\/#breadcrumb\",\"itemListElement\":[{\"@type\":\"ListItem\",\"position\":1,\"name\":\"Home\",\"item\":\"https:\\\/\\\/pedaleurdecharme.com\\\/\"},{\"@type\":\"ListItem\",\"position\":2,\"name\":\"Winkel\",\"item\":\"https:\\\/\\\/pedaleurdecharme.com\\\/winkel\\\/\"},{\"@type\":\"ListItem\",\"position\":3,\"name\":\"Gepersonaliseerde aero overschoen: met illustratie van je eigen wielrenner\\\/wielrenster\"}]},{\"@type\":\"WebSite\",\"@id\":\"https:\\\/\\\/pedaleurdecharme.com\\\/#website\",\"url\":\"https:\\\/\\\/pedaleurdecharme.com\\\/\",\"name\":\"Pedaleur de Charme\",\"description\":\"Niet gemaakt voor iedereen. Gemaakt voor jou.\",\"potentialAction\":[{\"@type\":\"SearchAction\",\"target\":{\"@type\":\"EntryPoint\",\"urlTemplate\":\"https:\\\/\\\/pedaleurdecharme.com\\\/?s={search_term_string}\"},\"query-input\":{\"@type\":\"PropertyValueSpecification\",\"valueRequired\":true,\"valueName\":\"search_term_string\"}}],\"inLanguage\":\"fr-FR\"}]}<\/script>\n<!-- \/ Yoast SEO plugin. -->","yoast_head_json":{"title":"Surchaussure a\u00e9rodynamique personnalis\u00e9e : avec illustration de votre propre cycliste - Pedaleur de Charme","description":"Avec ces couvre-chaussures a\u00e9rodynamiques, non seulement vous prot\u00e9gerez vos chaussures de la salet\u00e9 et \u00e9conomiserez de pr\u00e9cieux watts, mais vous aurez aussi une allure super \u00e9l\u00e9gante !","robots":{"index":"index","follow":"follow","max-snippet":"max-snippet:-1","max-image-preview":"max-image-preview:large","max-video-preview":"max-video-preview:-1"},"canonical":"https:\/\/pedaleurdecharme.com\/fr\/produit\/surchaussures-aero-personnalisees\/","og_locale":"fr_FR","og_type":"article","og_title":"Gepersonaliseerde aero overschoen: met illustratie van je eigen wielrenner\/wielrenster - Pedaleur de Charme","og_description":"Met deze aero overschoenen bescherm je niet alleen je schoenen tegen vuil en bespaar je kostbare watts, je ziet er ook nog eens superstrak uit!","og_url":"https:\/\/pedaleurdecharme.com\/fr\/produit\/surchaussures-aero-personnalisees\/","og_site_name":"Pedaleur de Charme","article_modified_time":"2026-03-24T22:11:21+00:00","og_image":[{"width":800,"height":1017,"url":"https:\/\/pedaleurdecharme.com\/wp-content\/uploads\/2025\/04\/gepersonaliseerde-aero-overschoenen.jpg","type":"image\/jpeg"}],"twitter_card":"summary_large_image","twitter_misc":{"Dur\u00e9e de lecture estim\u00e9e":"1 minute"},"schema":{"@context":"https:\/\/schema.org","@graph":[{"@type":"WebPage","@id":"https:\/\/pedaleurdecharme.com\/product\/gepersonaliseerde-aero-overschoenen\/","url":"https:\/\/pedaleurdecharme.com\/product\/gepersonaliseerde-aero-overschoenen\/","name":"Surchaussure a\u00e9rodynamique personnalis\u00e9e : avec illustration de votre propre cycliste - Pedaleur de Charme","isPartOf":{"@id":"https:\/\/pedaleurdecharme.com\/#website"},"primaryImageOfPage":{"@id":"https:\/\/pedaleurdecharme.com\/product\/gepersonaliseerde-aero-overschoenen\/#primaryimage"},"image":{"@id":"https:\/\/pedaleurdecharme.com\/product\/gepersonaliseerde-aero-overschoenen\/#primaryimage"},"thumbnailUrl":"https:\/\/pedaleurdecharme.com\/wp-content\/uploads\/2025\/04\/gepersonaliseerde-aero-overschoenen.jpg","datePublished":"2025-04-24T08:39:00+00:00","dateModified":"2026-03-24T22:11:21+00:00","description":"Avec ces couvre-chaussures a\u00e9rodynamiques, non seulement vous prot\u00e9gerez vos chaussures de la salet\u00e9 et \u00e9conomiserez de pr\u00e9cieux watts, mais vous aurez aussi une allure super \u00e9l\u00e9gante !","breadcrumb":{"@id":"https:\/\/pedaleurdecharme.com\/product\/gepersonaliseerde-aero-overschoenen\/#breadcrumb"},"inLanguage":"fr-FR","potentialAction":[{"@type":"ReadAction","target":["https:\/\/pedaleurdecharme.com\/product\/gepersonaliseerde-aero-overschoenen\/"]}]},{"@type":"ImageObject","inLanguage":"fr-FR","@id":"https:\/\/pedaleurdecharme.com\/product\/gepersonaliseerde-aero-overschoenen\/#primaryimage","url":"https:\/\/pedaleurdecharme.com\/wp-content\/uploads\/2025\/04\/gepersonaliseerde-aero-overschoenen.jpg","contentUrl":"https:\/\/pedaleurdecharme.com\/wp-content\/uploads\/2025\/04\/gepersonaliseerde-aero-overschoenen.jpg","width":800,"height":1017},{"@type":"BreadcrumbList","@id":"https:\/\/pedaleurdecharme.com\/product\/gepersonaliseerde-aero-overschoenen\/#breadcrumb","itemListElement":[{"@type":"ListItem","position":1,"name":"Home","item":"https:\/\/pedaleurdecharme.com\/"},{"@type":"ListItem","position":2,"name":"Winkel","item":"https:\/\/pedaleurdecharme.com\/winkel\/"},{"@type":"ListItem","position":3,"name":"Gepersonaliseerde aero overschoen: met illustratie van je eigen wielrenner\/wielrenster"}]},{"@type":"WebSite","@id":"https:\/\/pedaleurdecharme.com\/#website","url":"https:\/\/pedaleurdecharme.com\/","name":"P\u00e9daleur de charme","description":"Pas faites pour tout le monde. Faites pour vous.","potentialAction":[{"@type":"SearchAction","target":{"@type":"EntryPoint","urlTemplate":"https:\/\/pedaleurdecharme.com\/?s={search_term_string}"},"query-input":{"@type":"PropertyValueSpecification","valueRequired":true,"valueName":"search_term_string"}}],"inLanguage":"fr-FR"}]}},"_links":{"self":[{"href":"https:\/\/pedaleurdecharme.com\/fr\/wp-json\/wp\/v2\/product\/3357","targetHints":{"allow":["GET"]}}],"collection":[{"href":"https:\/\/pedaleurdecharme.com\/fr\/wp-json\/wp\/v2\/product"}],"about":[{"href":"https:\/\/pedaleurdecharme.com\/fr\/wp-json\/wp\/v2\/types\/product"}],"replies":[{"embeddable":true,"href":"https:\/\/pedaleurdecharme.com\/fr\/wp-json\/wp\/v2\/comments?post=3357"}],"wp:featuredmedia":[{"embeddable":true,"href":"https:\/\/pedaleurdecharme.com\/fr\/wp-json\/wp\/v2\/media\/3362"}],"wp:attachment":[{"href":"https:\/\/pedaleurdecharme.com\/fr\/wp-json\/wp\/v2\/media?parent=3357"}],"wp:term":[{"taxonomy":"product_brand","embeddable":true,"href":"https:\/\/pedaleurdecharme.com\/fr\/wp-json\/wp\/v2\/product_brand?post=3357"},{"taxonomy":"product_cat","embeddable":true,"href":"https:\/\/pedaleurdecharme.com\/fr\/wp-json\/wp\/v2\/product_cat?post=3357"},{"taxonomy":"product_tag","embeddable":true,"href":"https:\/\/pedaleurdecharme.com\/fr\/wp-json\/wp\/v2\/product_tag?post=3357"}],"curies":[{"name":"wp","href":"https:\/\/api.w.org\/{rel}","templated":true}]}}