{"id":2057,"date":"2023-10-08T10:03:54","date_gmt":"2023-10-08T08:03:54","guid":{"rendered":"https:\/\/pedaleurdecharme.nl\/?post_type=product&#038;p=2057"},"modified":"2026-02-12T14:37:17","modified_gmt":"2026-02-12T12:37:17","slug":"wielersokken-bejofit-zwart","status":"publish","type":"product","link":"https:\/\/pedaleurdecharme.com\/fr\/product\/wielersokken-bejofit-zwart\/","title":{"rendered":"Wielersokken #BEJOFIT &#8211; zwart &#8211; uitverkocht"},"content":{"rendered":"<p>Il s'agit de chaussettes de haute qualit\u00e9, mais \u00e0 un prix tr\u00e8s comp\u00e9titif.<\/p>\n<p><strong>Instructions de lavage<\/strong><\/p>\n<ul>\n<li>Lavage \u00e0 30 degr\u00e9s<\/li>\n<li>Ne les mettez pas dans le s\u00e8che-linge<\/li>\n<\/ul>\n<p><strong>Tissu<\/strong><\/p>\n<p>Polyester<\/p>\n<p><strong>Exp\u00e9dition<\/strong><\/p>\n<p>Nous exp\u00e9dions dans un d\u00e9lai de 1 \u00e0 2 jours ouvrables, y compris \u00e0 l'\u00e9tranger. <a href=\"https:\/\/pedaleurdecharme.com\/fr\/verzendkosten\/\" target=\"_blank\" rel=\"noopener noreferrer\">\u00e0 l'\u00e9tranger<\/a>.<\/p>","protected":false},"excerpt":{"rendered":"<p>Maak je fietstenue compleet met deze geborduurde BejoFit-sokken! De zwarte variant is beschikbaar in kleine oplage een maat die (bij benadering) beschikt is voor iedereen met maat tussen 39 en 45.<\/p>\n<p><strong>Wanneer je de sokken bij Bejo wilt laten bezorgen, kies dan bij het betalen voor de optie &#8216;Gratis verzending&#8217;.<\/strong><\/p>","protected":false},"featured_media":2134,"comment_status":"open","ping_status":"closed","template":"","meta":[],"product_brand":[340],"product_cat":[19],"product_tag":[52,51],"class_list":{"0":"post-2057","1":"product","2":"type-product","3":"status-publish","4":"has-post-thumbnail","6":"product_brand-pedaleur-de-charme","7":"product_cat-wielersokken","8":"product_tag-wielersokken","9":"product_tag-wielrensokken","11":"first","12":"instock","13":"shipping-taxable","14":"purchasable","15":"product-type-variable"},"yoast_head":"<!-- This site is optimized with the Yoast SEO plugin v27.4 - https:\/\/yoast.com\/product\/yoast-seo-wordpress\/ -->\n<title>Wielersokken #BEJOFIT - zwart - uitverkocht - Pedaleur de Charme<\/title>\n<meta name=\"description\" content=\"Maak je fietstenue compleet met deze geborduurde BejoFit-sokken!\" \/>\n<meta name=\"robots\" content=\"index, nofollow, max-snippet:-1, max-image-preview:large, max-video-preview:-1\" \/>\n<link rel=\"canonical\" href=\"https:\/\/pedaleurdecharme.com\/fr\/produit\/wielersokken-bejofit-zwart\/\" \/>\n<meta property=\"og:locale\" content=\"fr_FR\" \/>\n<meta property=\"og:type\" content=\"article\" \/>\n<meta property=\"og:title\" content=\"Wielersokken #BEJOFIT - zwart - uitverkocht - Pedaleur de Charme\" \/>\n<meta property=\"og:description\" content=\"Maak je fietstenue compleet met deze geborduurde BejoFit-sokken!\" \/>\n<meta property=\"og:url\" content=\"https:\/\/pedaleurdecharme.com\/fr\/produit\/wielersokken-bejofit-zwart\/\" \/>\n<meta property=\"og:site_name\" content=\"Pedaleur de Charme\" \/>\n<meta property=\"article:modified_time\" content=\"2026-02-12T12:37:17+00:00\" \/>\n<meta property=\"og:image\" content=\"https:\/\/pedaleurdecharme.com\/wp-content\/uploads\/2023\/09\/bejo-sokken-zwart.jpg\" \/>\n\t<meta property=\"og:image:width\" content=\"1500\" \/>\n\t<meta property=\"og:image:height\" content=\"1080\" \/>\n\t<meta property=\"og:image:type\" content=\"image\/jpeg\" \/>\n<meta name=\"twitter:card\" content=\"summary_large_image\" \/>\n<meta name=\"twitter:label1\" content=\"Dur\u00e9e de lecture estim\u00e9e\" \/>\n\t<meta name=\"twitter:data1\" content=\"1 minute\" \/>\n<script type=\"application\/ld+json\" class=\"yoast-schema-graph\">{\"@context\":\"https:\\\/\\\/schema.org\",\"@graph\":[{\"@type\":\"WebPage\",\"@id\":\"https:\\\/\\\/pedaleurdecharme.com\\\/product\\\/wielersokken-bejofit-zwart\\\/\",\"url\":\"https:\\\/\\\/pedaleurdecharme.com\\\/product\\\/wielersokken-bejofit-zwart\\\/\",\"name\":\"Wielersokken #BEJOFIT - zwart - uitverkocht - Pedaleur de Charme\",\"isPartOf\":{\"@id\":\"https:\\\/\\\/pedaleurdecharme.com\\\/#website\"},\"primaryImageOfPage\":{\"@id\":\"https:\\\/\\\/pedaleurdecharme.com\\\/product\\\/wielersokken-bejofit-zwart\\\/#primaryimage\"},\"image\":{\"@id\":\"https:\\\/\\\/pedaleurdecharme.com\\\/product\\\/wielersokken-bejofit-zwart\\\/#primaryimage\"},\"thumbnailUrl\":\"https:\\\/\\\/pedaleurdecharme.com\\\/wp-content\\\/uploads\\\/2023\\\/09\\\/bejo-sokken-zwart.jpg\",\"datePublished\":\"2023-10-08T08:03:54+00:00\",\"dateModified\":\"2026-02-12T12:37:17+00:00\",\"description\":\"Maak je fietstenue compleet met deze geborduurde BejoFit-sokken!\",\"breadcrumb\":{\"@id\":\"https:\\\/\\\/pedaleurdecharme.com\\\/product\\\/wielersokken-bejofit-zwart\\\/#breadcrumb\"},\"inLanguage\":\"fr-FR\",\"potentialAction\":[{\"@type\":\"ReadAction\",\"target\":[\"https:\\\/\\\/pedaleurdecharme.com\\\/product\\\/wielersokken-bejofit-zwart\\\/\"]}]},{\"@type\":\"ImageObject\",\"inLanguage\":\"fr-FR\",\"@id\":\"https:\\\/\\\/pedaleurdecharme.com\\\/product\\\/wielersokken-bejofit-zwart\\\/#primaryimage\",\"url\":\"https:\\\/\\\/pedaleurdecharme.com\\\/wp-content\\\/uploads\\\/2023\\\/09\\\/bejo-sokken-zwart.jpg\",\"contentUrl\":\"https:\\\/\\\/pedaleurdecharme.com\\\/wp-content\\\/uploads\\\/2023\\\/09\\\/bejo-sokken-zwart.jpg\",\"width\":1500,\"height\":1080},{\"@type\":\"BreadcrumbList\",\"@id\":\"https:\\\/\\\/pedaleurdecharme.com\\\/product\\\/wielersokken-bejofit-zwart\\\/#breadcrumb\",\"itemListElement\":[{\"@type\":\"ListItem\",\"position\":1,\"name\":\"Home\",\"item\":\"https:\\\/\\\/pedaleurdecharme.com\\\/\"},{\"@type\":\"ListItem\",\"position\":2,\"name\":\"Winkel\",\"item\":\"https:\\\/\\\/pedaleurdecharme.com\\\/winkel\\\/\"},{\"@type\":\"ListItem\",\"position\":3,\"name\":\"Wielersokken #BEJOFIT &#8211; zwart &#8211; uitverkocht\"}]},{\"@type\":\"WebSite\",\"@id\":\"https:\\\/\\\/pedaleurdecharme.com\\\/#website\",\"url\":\"https:\\\/\\\/pedaleurdecharme.com\\\/\",\"name\":\"Pedaleur de Charme\",\"description\":\"Niet gemaakt voor iedereen. Gemaakt voor jou.\",\"potentialAction\":[{\"@type\":\"SearchAction\",\"target\":{\"@type\":\"EntryPoint\",\"urlTemplate\":\"https:\\\/\\\/pedaleurdecharme.com\\\/?s={search_term_string}\"},\"query-input\":{\"@type\":\"PropertyValueSpecification\",\"valueRequired\":true,\"valueName\":\"search_term_string\"}}],\"inLanguage\":\"fr-FR\"}]}<\/script>\n<!-- \/ Yoast SEO plugin. -->","yoast_head_json":{"title":"Wielersokken #BEJOFIT - zwart - uitverkocht - Pedaleur de Charme","description":"Maak je fietstenue compleet met deze geborduurde BejoFit-sokken!","robots":{"index":"index","follow":"nofollow","max-snippet":"max-snippet:-1","max-image-preview":"max-image-preview:large","max-video-preview":"max-video-preview:-1"},"canonical":"https:\/\/pedaleurdecharme.com\/fr\/produit\/wielersokken-bejofit-zwart\/","og_locale":"fr_FR","og_type":"article","og_title":"Wielersokken #BEJOFIT - zwart - uitverkocht - Pedaleur de Charme","og_description":"Maak je fietstenue compleet met deze geborduurde BejoFit-sokken!","og_url":"https:\/\/pedaleurdecharme.com\/fr\/produit\/wielersokken-bejofit-zwart\/","og_site_name":"Pedaleur de Charme","article_modified_time":"2026-02-12T12:37:17+00:00","og_image":[{"width":1500,"height":1080,"url":"https:\/\/pedaleurdecharme.com\/wp-content\/uploads\/2023\/09\/bejo-sokken-zwart.jpg","type":"image\/jpeg"}],"twitter_card":"summary_large_image","twitter_misc":{"Dur\u00e9e de lecture estim\u00e9e":"1 minute"},"schema":{"@context":"https:\/\/schema.org","@graph":[{"@type":"WebPage","@id":"https:\/\/pedaleurdecharme.com\/product\/wielersokken-bejofit-zwart\/","url":"https:\/\/pedaleurdecharme.com\/product\/wielersokken-bejofit-zwart\/","name":"Wielersokken #BEJOFIT - zwart - uitverkocht - Pedaleur de Charme","isPartOf":{"@id":"https:\/\/pedaleurdecharme.com\/#website"},"primaryImageOfPage":{"@id":"https:\/\/pedaleurdecharme.com\/product\/wielersokken-bejofit-zwart\/#primaryimage"},"image":{"@id":"https:\/\/pedaleurdecharme.com\/product\/wielersokken-bejofit-zwart\/#primaryimage"},"thumbnailUrl":"https:\/\/pedaleurdecharme.com\/wp-content\/uploads\/2023\/09\/bejo-sokken-zwart.jpg","datePublished":"2023-10-08T08:03:54+00:00","dateModified":"2026-02-12T12:37:17+00:00","description":"Maak je fietstenue compleet met deze geborduurde BejoFit-sokken!","breadcrumb":{"@id":"https:\/\/pedaleurdecharme.com\/product\/wielersokken-bejofit-zwart\/#breadcrumb"},"inLanguage":"fr-FR","potentialAction":[{"@type":"ReadAction","target":["https:\/\/pedaleurdecharme.com\/product\/wielersokken-bejofit-zwart\/"]}]},{"@type":"ImageObject","inLanguage":"fr-FR","@id":"https:\/\/pedaleurdecharme.com\/product\/wielersokken-bejofit-zwart\/#primaryimage","url":"https:\/\/pedaleurdecharme.com\/wp-content\/uploads\/2023\/09\/bejo-sokken-zwart.jpg","contentUrl":"https:\/\/pedaleurdecharme.com\/wp-content\/uploads\/2023\/09\/bejo-sokken-zwart.jpg","width":1500,"height":1080},{"@type":"BreadcrumbList","@id":"https:\/\/pedaleurdecharme.com\/product\/wielersokken-bejofit-zwart\/#breadcrumb","itemListElement":[{"@type":"ListItem","position":1,"name":"Home","item":"https:\/\/pedaleurdecharme.com\/"},{"@type":"ListItem","position":2,"name":"Winkel","item":"https:\/\/pedaleurdecharme.com\/winkel\/"},{"@type":"ListItem","position":3,"name":"Wielersokken #BEJOFIT &#8211; zwart &#8211; uitverkocht"}]},{"@type":"WebSite","@id":"https:\/\/pedaleurdecharme.com\/#website","url":"https:\/\/pedaleurdecharme.com\/","name":"P\u00e9daleur de charme","description":"Pas faites pour tout le monde. Faites pour vous.","potentialAction":[{"@type":"SearchAction","target":{"@type":"EntryPoint","urlTemplate":"https:\/\/pedaleurdecharme.com\/?s={search_term_string}"},"query-input":{"@type":"PropertyValueSpecification","valueRequired":true,"valueName":"search_term_string"}}],"inLanguage":"fr-FR"}]}},"_links":{"self":[{"href":"https:\/\/pedaleurdecharme.com\/fr\/wp-json\/wp\/v2\/product\/2057","targetHints":{"allow":["GET"]}}],"collection":[{"href":"https:\/\/pedaleurdecharme.com\/fr\/wp-json\/wp\/v2\/product"}],"about":[{"href":"https:\/\/pedaleurdecharme.com\/fr\/wp-json\/wp\/v2\/types\/product"}],"replies":[{"embeddable":true,"href":"https:\/\/pedaleurdecharme.com\/fr\/wp-json\/wp\/v2\/comments?post=2057"}],"wp:featuredmedia":[{"embeddable":true,"href":"https:\/\/pedaleurdecharme.com\/fr\/wp-json\/wp\/v2\/media\/2134"}],"wp:attachment":[{"href":"https:\/\/pedaleurdecharme.com\/fr\/wp-json\/wp\/v2\/media?parent=2057"}],"wp:term":[{"taxonomy":"product_brand","embeddable":true,"href":"https:\/\/pedaleurdecharme.com\/fr\/wp-json\/wp\/v2\/product_brand?post=2057"},{"taxonomy":"product_cat","embeddable":true,"href":"https:\/\/pedaleurdecharme.com\/fr\/wp-json\/wp\/v2\/product_cat?post=2057"},{"taxonomy":"product_tag","embeddable":true,"href":"https:\/\/pedaleurdecharme.com\/fr\/wp-json\/wp\/v2\/product_tag?post=2057"}],"curies":[{"name":"wp","href":"https:\/\/api.w.org\/{rel}","templated":true}]}}