{"id":1951,"date":"2023-08-11T12:23:33","date_gmt":"2023-08-11T12:23:33","guid":{"rendered":"https:\/\/pedaleurdecharme.nl\/?post_type=product&#038;p=1951"},"modified":"2026-03-08T14:41:41","modified_gmt":"2026-03-08T12:41:41","slug":"wielersokken-zwart","status":"publish","type":"product","link":"https:\/\/pedaleurdecharme.com\/fr\/product\/wielersokken-zwart\/","title":{"rendered":"Chaussettes de cyclisme noires"},"content":{"rendered":"<p>Il s'agit de chaussettes de haute qualit\u00e9, mais \u00e0 un prix tr\u00e8s comp\u00e9titif.<\/p>\n<p><strong>Instructions de lavage<\/strong><\/p>\n<ul>\n<li>Lavage \u00e0 30 degr\u00e9s<\/li>\n<li>Ne les mettez pas dans le s\u00e8che-linge<\/li>\n<\/ul>\n<p><strong>Tissu<\/strong><\/p>\n<p>Polyester<\/p>\n<p><strong>Exp\u00e9dition<\/strong><\/p>\n<p>Nous exp\u00e9dions dans un d\u00e9lai de 1 \u00e0 2 jours ouvrables, y compris \u00e0 l'\u00e9tranger. <a href=\"https:\/\/pedaleurdecharme.com\/fr\/verzendkosten\/\" target=\"_blank\" rel=\"noopener noreferrer\">\u00e0 l'\u00e9tranger<\/a>.<\/p>","protected":false},"excerpt":{"rendered":"<p>Pas de chichis, juste des chaussettes de cyclisme noires ! Id\u00e9ales pour les randonn\u00e9es par mauvais temps ou hors des sentiers battus. Ces chaussettes de cyclisme de Pedaleur de Charme sont de haute qualit\u00e9 mais \u00e0 un prix avantageux. De plus, avec ces chaussettes de cyclisme, vous aurez toujours fi\u00e8re allure !<\/p>","protected":false},"featured_media":1954,"comment_status":"open","ping_status":"closed","template":"","meta":[],"product_brand":[340],"product_cat":[19],"product_tag":[333,334,335,66,336,52,51,285,22,286],"class_list":{"0":"post-1951","1":"product","2":"type-product","3":"status-publish","4":"has-post-thumbnail","6":"product_brand-pedaleur-de-charme","7":"product_cat-wielersokken","8":"product_tag-fietskousen","9":"product_tag-koerssokken","10":"product_tag-kousen","11":"product_tag-sokken","12":"product_tag-wielerkousen","13":"product_tag-wielersokken","14":"product_tag-wielrensokken","15":"product_tag-wielsersok-zwart","16":"product_tag-zwart","17":"product_tag-zwarte-sokken","19":"first","20":"instock","21":"shipping-taxable","22":"purchasable","23":"product-type-variable"},"yoast_head":"<!-- This site is optimized with the Yoast SEO plugin v27.4 - https:\/\/yoast.com\/product\/yoast-seo-wordpress\/ -->\n<title>Wielersokken zwart - Pedaleur de Charme<\/title>\n<meta name=\"description\" content=\"Geen gedoe, gewoon zwarte wielersokken! Ideaal voor ritten in minder weer, of buiten de gebaande paden. Met deze sokken zie je er altijd goed uit!\" \/>\n<meta name=\"robots\" content=\"index, follow, max-snippet:-1, max-image-preview:large, max-video-preview:-1\" \/>\n<link rel=\"canonical\" href=\"https:\/\/pedaleurdecharme.com\/fr\/produit\/wielersokken-zwart\/\" \/>\n<meta property=\"og:locale\" content=\"fr_FR\" \/>\n<meta property=\"og:type\" content=\"article\" \/>\n<meta property=\"og:title\" content=\"Wielersokken zwart - Pedaleur de Charme\" \/>\n<meta property=\"og:description\" content=\"Geen gedoe, gewoon zwarte wielersokken! Ideaal voor ritten in minder weer, of buiten de gebaande paden. Met deze sokken zie je er altijd goed uit!\" \/>\n<meta property=\"og:url\" content=\"https:\/\/pedaleurdecharme.com\/fr\/produit\/wielersokken-zwart\/\" \/>\n<meta property=\"og:site_name\" content=\"Pedaleur de Charme\" \/>\n<meta property=\"article:modified_time\" content=\"2026-03-08T12:41:41+00:00\" \/>\n<meta property=\"og:image\" content=\"https:\/\/pedaleurdecharme.com\/wp-content\/uploads\/2023\/08\/wielersok-zwart.jpg\" \/>\n\t<meta property=\"og:image:width\" content=\"800\" \/>\n\t<meta property=\"og:image:height\" content=\"1017\" \/>\n\t<meta property=\"og:image:type\" content=\"image\/jpeg\" \/>\n<meta name=\"twitter:card\" content=\"summary_large_image\" \/>\n<meta name=\"twitter:label1\" content=\"Dur\u00e9e de lecture estim\u00e9e\" \/>\n\t<meta name=\"twitter:data1\" content=\"1 minute\" \/>\n<script type=\"application\/ld+json\" class=\"yoast-schema-graph\">{\"@context\":\"https:\\\/\\\/schema.org\",\"@graph\":[{\"@type\":\"WebPage\",\"@id\":\"https:\\\/\\\/pedaleurdecharme.com\\\/product\\\/wielersokken-zwart\\\/\",\"url\":\"https:\\\/\\\/pedaleurdecharme.com\\\/product\\\/wielersokken-zwart\\\/\",\"name\":\"Wielersokken zwart - Pedaleur de Charme\",\"isPartOf\":{\"@id\":\"https:\\\/\\\/pedaleurdecharme.com\\\/#website\"},\"primaryImageOfPage\":{\"@id\":\"https:\\\/\\\/pedaleurdecharme.com\\\/product\\\/wielersokken-zwart\\\/#primaryimage\"},\"image\":{\"@id\":\"https:\\\/\\\/pedaleurdecharme.com\\\/product\\\/wielersokken-zwart\\\/#primaryimage\"},\"thumbnailUrl\":\"https:\\\/\\\/pedaleurdecharme.com\\\/wp-content\\\/uploads\\\/2023\\\/08\\\/wielersok-zwart.jpg\",\"datePublished\":\"2023-08-11T12:23:33+00:00\",\"dateModified\":\"2026-03-08T12:41:41+00:00\",\"description\":\"Geen gedoe, gewoon zwarte wielersokken! Ideaal voor ritten in minder weer, of buiten de gebaande paden. Met deze sokken zie je er altijd goed uit!\",\"breadcrumb\":{\"@id\":\"https:\\\/\\\/pedaleurdecharme.com\\\/product\\\/wielersokken-zwart\\\/#breadcrumb\"},\"inLanguage\":\"fr-FR\",\"potentialAction\":[{\"@type\":\"ReadAction\",\"target\":[\"https:\\\/\\\/pedaleurdecharme.com\\\/product\\\/wielersokken-zwart\\\/\"]}]},{\"@type\":\"ImageObject\",\"inLanguage\":\"fr-FR\",\"@id\":\"https:\\\/\\\/pedaleurdecharme.com\\\/product\\\/wielersokken-zwart\\\/#primaryimage\",\"url\":\"https:\\\/\\\/pedaleurdecharme.com\\\/wp-content\\\/uploads\\\/2023\\\/08\\\/wielersok-zwart.jpg\",\"contentUrl\":\"https:\\\/\\\/pedaleurdecharme.com\\\/wp-content\\\/uploads\\\/2023\\\/08\\\/wielersok-zwart.jpg\",\"width\":800,\"height\":1017},{\"@type\":\"BreadcrumbList\",\"@id\":\"https:\\\/\\\/pedaleurdecharme.com\\\/product\\\/wielersokken-zwart\\\/#breadcrumb\",\"itemListElement\":[{\"@type\":\"ListItem\",\"position\":1,\"name\":\"Home\",\"item\":\"https:\\\/\\\/pedaleurdecharme.com\\\/\"},{\"@type\":\"ListItem\",\"position\":2,\"name\":\"Winkel\",\"item\":\"https:\\\/\\\/pedaleurdecharme.com\\\/winkel\\\/\"},{\"@type\":\"ListItem\",\"position\":3,\"name\":\"Wielersokken zwart\"}]},{\"@type\":\"WebSite\",\"@id\":\"https:\\\/\\\/pedaleurdecharme.com\\\/#website\",\"url\":\"https:\\\/\\\/pedaleurdecharme.com\\\/\",\"name\":\"Pedaleur de Charme\",\"description\":\"Niet gemaakt voor iedereen. Gemaakt voor jou.\",\"potentialAction\":[{\"@type\":\"SearchAction\",\"target\":{\"@type\":\"EntryPoint\",\"urlTemplate\":\"https:\\\/\\\/pedaleurdecharme.com\\\/?s={search_term_string}\"},\"query-input\":{\"@type\":\"PropertyValueSpecification\",\"valueRequired\":true,\"valueName\":\"search_term_string\"}}],\"inLanguage\":\"fr-FR\"}]}<\/script>\n<!-- \/ Yoast SEO plugin. -->","yoast_head_json":{"title":"Wielersokken zwart - Pedaleur de Charme","description":"Geen gedoe, gewoon zwarte wielersokken! Ideaal voor ritten in minder weer, of buiten de gebaande paden. Met deze sokken zie je er altijd goed uit!","robots":{"index":"index","follow":"follow","max-snippet":"max-snippet:-1","max-image-preview":"max-image-preview:large","max-video-preview":"max-video-preview:-1"},"canonical":"https:\/\/pedaleurdecharme.com\/fr\/produit\/wielersokken-zwart\/","og_locale":"fr_FR","og_type":"article","og_title":"Wielersokken zwart - Pedaleur de Charme","og_description":"Geen gedoe, gewoon zwarte wielersokken! Ideaal voor ritten in minder weer, of buiten de gebaande paden. Met deze sokken zie je er altijd goed uit!","og_url":"https:\/\/pedaleurdecharme.com\/fr\/produit\/wielersokken-zwart\/","og_site_name":"Pedaleur de Charme","article_modified_time":"2026-03-08T12:41:41+00:00","og_image":[{"width":800,"height":1017,"url":"https:\/\/pedaleurdecharme.com\/wp-content\/uploads\/2023\/08\/wielersok-zwart.jpg","type":"image\/jpeg"}],"twitter_card":"summary_large_image","twitter_misc":{"Dur\u00e9e de lecture estim\u00e9e":"1 minute"},"schema":{"@context":"https:\/\/schema.org","@graph":[{"@type":"WebPage","@id":"https:\/\/pedaleurdecharme.com\/product\/wielersokken-zwart\/","url":"https:\/\/pedaleurdecharme.com\/product\/wielersokken-zwart\/","name":"Wielersokken zwart - Pedaleur de Charme","isPartOf":{"@id":"https:\/\/pedaleurdecharme.com\/#website"},"primaryImageOfPage":{"@id":"https:\/\/pedaleurdecharme.com\/product\/wielersokken-zwart\/#primaryimage"},"image":{"@id":"https:\/\/pedaleurdecharme.com\/product\/wielersokken-zwart\/#primaryimage"},"thumbnailUrl":"https:\/\/pedaleurdecharme.com\/wp-content\/uploads\/2023\/08\/wielersok-zwart.jpg","datePublished":"2023-08-11T12:23:33+00:00","dateModified":"2026-03-08T12:41:41+00:00","description":"Geen gedoe, gewoon zwarte wielersokken! Ideaal voor ritten in minder weer, of buiten de gebaande paden. Met deze sokken zie je er altijd goed uit!","breadcrumb":{"@id":"https:\/\/pedaleurdecharme.com\/product\/wielersokken-zwart\/#breadcrumb"},"inLanguage":"fr-FR","potentialAction":[{"@type":"ReadAction","target":["https:\/\/pedaleurdecharme.com\/product\/wielersokken-zwart\/"]}]},{"@type":"ImageObject","inLanguage":"fr-FR","@id":"https:\/\/pedaleurdecharme.com\/product\/wielersokken-zwart\/#primaryimage","url":"https:\/\/pedaleurdecharme.com\/wp-content\/uploads\/2023\/08\/wielersok-zwart.jpg","contentUrl":"https:\/\/pedaleurdecharme.com\/wp-content\/uploads\/2023\/08\/wielersok-zwart.jpg","width":800,"height":1017},{"@type":"BreadcrumbList","@id":"https:\/\/pedaleurdecharme.com\/product\/wielersokken-zwart\/#breadcrumb","itemListElement":[{"@type":"ListItem","position":1,"name":"Home","item":"https:\/\/pedaleurdecharme.com\/"},{"@type":"ListItem","position":2,"name":"Winkel","item":"https:\/\/pedaleurdecharme.com\/winkel\/"},{"@type":"ListItem","position":3,"name":"Wielersokken zwart"}]},{"@type":"WebSite","@id":"https:\/\/pedaleurdecharme.com\/#website","url":"https:\/\/pedaleurdecharme.com\/","name":"P\u00e9daleur de charme","description":"Pas faites pour tout le monde. Faites pour vous.","potentialAction":[{"@type":"SearchAction","target":{"@type":"EntryPoint","urlTemplate":"https:\/\/pedaleurdecharme.com\/?s={search_term_string}"},"query-input":{"@type":"PropertyValueSpecification","valueRequired":true,"valueName":"search_term_string"}}],"inLanguage":"fr-FR"}]}},"_links":{"self":[{"href":"https:\/\/pedaleurdecharme.com\/fr\/wp-json\/wp\/v2\/product\/1951","targetHints":{"allow":["GET"]}}],"collection":[{"href":"https:\/\/pedaleurdecharme.com\/fr\/wp-json\/wp\/v2\/product"}],"about":[{"href":"https:\/\/pedaleurdecharme.com\/fr\/wp-json\/wp\/v2\/types\/product"}],"replies":[{"embeddable":true,"href":"https:\/\/pedaleurdecharme.com\/fr\/wp-json\/wp\/v2\/comments?post=1951"}],"wp:featuredmedia":[{"embeddable":true,"href":"https:\/\/pedaleurdecharme.com\/fr\/wp-json\/wp\/v2\/media\/1954"}],"wp:attachment":[{"href":"https:\/\/pedaleurdecharme.com\/fr\/wp-json\/wp\/v2\/media?parent=1951"}],"wp:term":[{"taxonomy":"product_brand","embeddable":true,"href":"https:\/\/pedaleurdecharme.com\/fr\/wp-json\/wp\/v2\/product_brand?post=1951"},{"taxonomy":"product_cat","embeddable":true,"href":"https:\/\/pedaleurdecharme.com\/fr\/wp-json\/wp\/v2\/product_cat?post=1951"},{"taxonomy":"product_tag","embeddable":true,"href":"https:\/\/pedaleurdecharme.com\/fr\/wp-json\/wp\/v2\/product_tag?post=1951"}],"curies":[{"name":"wp","href":"https:\/\/api.w.org\/{rel}","templated":true}]}}