{"id":156,"date":"2021-08-27T09:21:36","date_gmt":"2021-08-27T09:21:36","guid":{"rendered":"https:\/\/pedaleurdecharme.nl\/?post_type=product&#038;p=156"},"modified":"2026-03-05T22:46:58","modified_gmt":"2026-03-05T20:46:58","slug":"chaussettes-aerosol-pedaleur-de-charme","status":"publish","type":"product","link":"https:\/\/pedaleurdecharme.com\/fr\/product\/aerosokken-pedaleur-de-charme\/","title":{"rendered":"Aerosocks Pedaleur de Charme"},"content":{"rendered":"<p>Ce sont les seuls et uniques <a href=\"https:\/\/pedaleurdecharme.com\/fr\/quest-ce-quun-pedaleur-de-charme\/\" target=\"_blank\" rel=\"noopener noreferrer\">P\u00e9daleur de charme<\/a> Chaussettes aeros. Un hommage \u00e0 Hugo Koblet \u2013 Pedaleur de Charme. Les chaussettes sont dot\u00e9es d'une bande en silicone, qui les maintient en place et les emp\u00eache de glisser.<\/p>\n<p>\u00c9conomisez de pr\u00e9cieux watts et ayez l'air super sexy. Ce n'est pas pour rien que la moiti\u00e9 du peloton professionnel roule d\u00e9sormais avec des a\u00e9rosacs.<\/p>\n<p>Il s'agit de chaussettes de haute qualit\u00e9, mais \u00e0 un prix tr\u00e8s comp\u00e9titif.<\/p>\n<p><strong>Instructions de lavage<\/strong><\/p>\n<ul>\n<li>Lavage \u00e0 30 degr\u00e9s<\/li>\n<li>Ne les mettez pas dans le s\u00e8che-linge<\/li>\n<\/ul>\n<p><strong>Tissu<\/strong><\/p>\n<p>Nylon et spandex<\/p>\n<p><strong>Exp\u00e9dition<\/strong><\/p>\n<p>Nous exp\u00e9dions dans un d\u00e9lai de 1 \u00e0 2 jours ouvrables, y compris \u00e0 l'\u00e9tranger. <a href=\"https:\/\/pedaleurdecharme.com\/fr\/verzendkosten\/\" target=\"_blank\" rel=\"noopener noreferrer\">\u00e0 l'\u00e9tranger<\/a>.<\/p>","protected":false},"excerpt":{"rendered":"<p>Ce sont les seuls et uniques <a href=\"https:\/\/pedaleurdecharme.com\/fr\/quest-ce-quun-pedaleur-de-charme\/\" target=\"_blank\" rel=\"noopener noreferrer\">P\u00e9daleur de charme<\/a> Chaussettes a\u00e9ro. \u00c9conomisez de pr\u00e9cieux watts et ayez l'air super soign\u00e9. Ce n'est pas pour rien que la moiti\u00e9 du peloton professionnel roule d\u00e9sormais avec des chaussettes a\u00e9ro.<\/p>\n<p>Tailles 39 \u00e0 45<\/p>","protected":false},"featured_media":3732,"comment_status":"open","ping_status":"closed","template":"","meta":[],"product_brand":[340],"product_cat":[25],"product_tag":[50,49,333,334,335,68,336,52,51,21],"class_list":{"0":"post-156","1":"product","2":"type-product","3":"status-publish","4":"has-post-thumbnail","6":"product_brand-pedaleur-de-charme","7":"product_cat-aerosokken","8":"product_tag-aero","9":"product_tag-aerosokken","10":"product_tag-fietskousen","11":"product_tag-koerssokken","12":"product_tag-kousen","13":"product_tag-pedaleur-de-charme","14":"product_tag-wielerkousen","15":"product_tag-wielersokken","16":"product_tag-wielrensokken","17":"product_tag-wit","19":"first","20":"instock","21":"shipping-taxable","22":"purchasable","23":"product-type-variable"},"yoast_head":"<!-- This site is optimized with the Yoast SEO plugin v27.2 - https:\/\/yoast.com\/product\/yoast-seo-wordpress\/ -->\n<title>Aerosokken Pedaleur de Charme - Pedaleur de Charme<\/title>\n<meta name=\"description\" content=\"De enige echte Pedaleur de Charme aerosokken. Bespaar kostbare watts en zie er supergesoigneerd uit met deze aerosokken. Bestel ze nu.\" \/>\n<meta name=\"robots\" content=\"index, follow, max-snippet:-1, max-image-preview:large, max-video-preview:-1\" \/>\n<link rel=\"canonical\" href=\"https:\/\/pedaleurdecharme.com\/fr\/produit\/chaussettes-aerosol-pedaleur-de-charme\/\" \/>\n<meta property=\"og:locale\" content=\"fr_FR\" \/>\n<meta property=\"og:type\" content=\"article\" \/>\n<meta property=\"og:title\" content=\"Aerosokken Pedaleur de Charme - Pedaleur de Charme\" \/>\n<meta property=\"og:description\" content=\"De enige echte Pedaleur de Charme aerosokken. Bespaar kostbare watts en zie er supergesoigneerd uit met deze aerosokken. Bestel ze nu.\" \/>\n<meta property=\"og:url\" content=\"https:\/\/pedaleurdecharme.com\/fr\/produit\/chaussettes-aerosol-pedaleur-de-charme\/\" \/>\n<meta property=\"og:site_name\" content=\"Pedaleur de Charme\" \/>\n<meta property=\"article:modified_time\" content=\"2026-03-05T20:46:58+00:00\" \/>\n<meta property=\"og:image\" content=\"https:\/\/pedaleurdecharme.com\/wp-content\/uploads\/2021\/08\/aerosokken-logo-pedaleur-de-charme.jpg\" \/>\n\t<meta property=\"og:image:width\" content=\"800\" \/>\n\t<meta property=\"og:image:height\" content=\"1017\" \/>\n\t<meta property=\"og:image:type\" content=\"image\/jpeg\" \/>\n<meta name=\"twitter:card\" content=\"summary_large_image\" \/>\n<meta name=\"twitter:label1\" content=\"Dur\u00e9e de lecture estim\u00e9e\" \/>\n\t<meta name=\"twitter:data1\" content=\"1 minute\" \/>\n<script type=\"application\/ld+json\" class=\"yoast-schema-graph\">{\"@context\":\"https:\/\/schema.org\",\"@graph\":[{\"@type\":\"WebPage\",\"@id\":\"https:\/\/pedaleurdecharme.com\/product\/aerosokken-pedaleur-de-charme\/\",\"url\":\"https:\/\/pedaleurdecharme.com\/product\/aerosokken-pedaleur-de-charme\/\",\"name\":\"Aerosokken Pedaleur de Charme - Pedaleur de Charme\",\"isPartOf\":{\"@id\":\"https:\/\/pedaleurdecharme.com\/#website\"},\"primaryImageOfPage\":{\"@id\":\"https:\/\/pedaleurdecharme.com\/product\/aerosokken-pedaleur-de-charme\/#primaryimage\"},\"image\":{\"@id\":\"https:\/\/pedaleurdecharme.com\/product\/aerosokken-pedaleur-de-charme\/#primaryimage\"},\"thumbnailUrl\":\"https:\/\/pedaleurdecharme.com\/wp-content\/uploads\/2021\/08\/aerosokken-logo-pedaleur-de-charme.jpg\",\"datePublished\":\"2021-08-27T09:21:36+00:00\",\"dateModified\":\"2026-03-05T20:46:58+00:00\",\"description\":\"De enige echte Pedaleur de Charme aerosokken. Bespaar kostbare watts en zie er supergesoigneerd uit met deze aerosokken. Bestel ze nu.\",\"breadcrumb\":{\"@id\":\"https:\/\/pedaleurdecharme.com\/product\/aerosokken-pedaleur-de-charme\/#breadcrumb\"},\"inLanguage\":\"fr-FR\",\"potentialAction\":[{\"@type\":\"ReadAction\",\"target\":[\"https:\/\/pedaleurdecharme.com\/product\/aerosokken-pedaleur-de-charme\/\"]}]},{\"@type\":\"ImageObject\",\"inLanguage\":\"fr-FR\",\"@id\":\"https:\/\/pedaleurdecharme.com\/product\/aerosokken-pedaleur-de-charme\/#primaryimage\",\"url\":\"https:\/\/pedaleurdecharme.com\/wp-content\/uploads\/2021\/08\/aerosokken-logo-pedaleur-de-charme.jpg\",\"contentUrl\":\"https:\/\/pedaleurdecharme.com\/wp-content\/uploads\/2021\/08\/aerosokken-logo-pedaleur-de-charme.jpg\",\"width\":800,\"height\":1017},{\"@type\":\"BreadcrumbList\",\"@id\":\"https:\/\/pedaleurdecharme.com\/product\/aerosokken-pedaleur-de-charme\/#breadcrumb\",\"itemListElement\":[{\"@type\":\"ListItem\",\"position\":1,\"name\":\"Home\",\"item\":\"https:\/\/pedaleurdecharme.com\/\"},{\"@type\":\"ListItem\",\"position\":2,\"name\":\"Winkel\",\"item\":\"https:\/\/pedaleurdecharme.com\/winkel\/\"},{\"@type\":\"ListItem\",\"position\":3,\"name\":\"Aerosokken Pedaleur de Charme\"}]},{\"@type\":\"WebSite\",\"@id\":\"https:\/\/pedaleurdecharme.com\/#website\",\"url\":\"https:\/\/pedaleurdecharme.com\/\",\"name\":\"Pedaleur de Charme\",\"description\":\"Niet gemaakt voor iedereen. Gemaakt voor jou.\",\"potentialAction\":[{\"@type\":\"SearchAction\",\"target\":{\"@type\":\"EntryPoint\",\"urlTemplate\":\"https:\/\/pedaleurdecharme.com\/?s={search_term_string}\"},\"query-input\":{\"@type\":\"PropertyValueSpecification\",\"valueRequired\":true,\"valueName\":\"search_term_string\"}}],\"inLanguage\":\"fr-FR\"}]}<\/script>\n<!-- \/ Yoast SEO plugin. -->","yoast_head_json":{"title":"Chaussettes Aerosokken Pedaleur de Charme - Pedaleur de Charme","description":"Les seules et uniques chaussettes a\u00e9rodynamiques Pedaleur de Charme. \u00c9conomisez de pr\u00e9cieux watts et ayez un look super soign\u00e9 avec ces chaussettes a\u00e9rodynamiques. Commandez-les d\u00e8s maintenant.","robots":{"index":"index","follow":"follow","max-snippet":"max-snippet:-1","max-image-preview":"max-image-preview:large","max-video-preview":"max-video-preview:-1"},"canonical":"https:\/\/pedaleurdecharme.com\/fr\/produit\/chaussettes-aerosol-pedaleur-de-charme\/","og_locale":"fr_FR","og_type":"article","og_title":"Aerosokken Pedaleur de Charme - Pedaleur de Charme","og_description":"De enige echte Pedaleur de Charme aerosokken. Bespaar kostbare watts en zie er supergesoigneerd uit met deze aerosokken. Bestel ze nu.","og_url":"https:\/\/pedaleurdecharme.com\/fr\/produit\/chaussettes-aerosol-pedaleur-de-charme\/","og_site_name":"Pedaleur de Charme","article_modified_time":"2026-03-05T20:46:58+00:00","og_image":[{"width":800,"height":1017,"url":"https:\/\/pedaleurdecharme.com\/wp-content\/uploads\/2021\/08\/aerosokken-logo-pedaleur-de-charme.jpg","type":"image\/jpeg"}],"twitter_card":"summary_large_image","twitter_misc":{"Dur\u00e9e de lecture estim\u00e9e":"1 minute"},"schema":{"@context":"https:\/\/schema.org","@graph":[{"@type":"WebPage","@id":"https:\/\/pedaleurdecharme.com\/product\/aerosokken-pedaleur-de-charme\/","url":"https:\/\/pedaleurdecharme.com\/product\/aerosokken-pedaleur-de-charme\/","name":"Chaussettes Aerosokken Pedaleur de Charme - Pedaleur de Charme","isPartOf":{"@id":"https:\/\/pedaleurdecharme.com\/#website"},"primaryImageOfPage":{"@id":"https:\/\/pedaleurdecharme.com\/product\/aerosokken-pedaleur-de-charme\/#primaryimage"},"image":{"@id":"https:\/\/pedaleurdecharme.com\/product\/aerosokken-pedaleur-de-charme\/#primaryimage"},"thumbnailUrl":"https:\/\/pedaleurdecharme.com\/wp-content\/uploads\/2021\/08\/aerosokken-logo-pedaleur-de-charme.jpg","datePublished":"2021-08-27T09:21:36+00:00","dateModified":"2026-03-05T20:46:58+00:00","description":"Les seules et uniques chaussettes a\u00e9rodynamiques Pedaleur de Charme. \u00c9conomisez de pr\u00e9cieux watts et ayez un look super soign\u00e9 avec ces chaussettes a\u00e9rodynamiques. Commandez-les d\u00e8s maintenant.","breadcrumb":{"@id":"https:\/\/pedaleurdecharme.com\/product\/aerosokken-pedaleur-de-charme\/#breadcrumb"},"inLanguage":"fr-FR","potentialAction":[{"@type":"ReadAction","target":["https:\/\/pedaleurdecharme.com\/product\/aerosokken-pedaleur-de-charme\/"]}]},{"@type":"ImageObject","inLanguage":"fr-FR","@id":"https:\/\/pedaleurdecharme.com\/product\/aerosokken-pedaleur-de-charme\/#primaryimage","url":"https:\/\/pedaleurdecharme.com\/wp-content\/uploads\/2021\/08\/aerosokken-logo-pedaleur-de-charme.jpg","contentUrl":"https:\/\/pedaleurdecharme.com\/wp-content\/uploads\/2021\/08\/aerosokken-logo-pedaleur-de-charme.jpg","width":800,"height":1017},{"@type":"BreadcrumbList","@id":"https:\/\/pedaleurdecharme.com\/product\/aerosokken-pedaleur-de-charme\/#breadcrumb","itemListElement":[{"@type":"ListItem","position":1,"name":"Home","item":"https:\/\/pedaleurdecharme.com\/"},{"@type":"ListItem","position":2,"name":"Winkel","item":"https:\/\/pedaleurdecharme.com\/winkel\/"},{"@type":"ListItem","position":3,"name":"Aerosokken Pedaleur de Charme"}]},{"@type":"WebSite","@id":"https:\/\/pedaleurdecharme.com\/#website","url":"https:\/\/pedaleurdecharme.com\/","name":"P\u00e9daleur de charme","description":"Pas faites pour tout le monde. Faites pour vous.","potentialAction":[{"@type":"SearchAction","target":{"@type":"EntryPoint","urlTemplate":"https:\/\/pedaleurdecharme.com\/?s={search_term_string}"},"query-input":{"@type":"PropertyValueSpecification","valueRequired":true,"valueName":"search_term_string"}}],"inLanguage":"fr-FR"}]}},"_links":{"self":[{"href":"https:\/\/pedaleurdecharme.com\/fr\/wp-json\/wp\/v2\/product\/156","targetHints":{"allow":["GET"]}}],"collection":[{"href":"https:\/\/pedaleurdecharme.com\/fr\/wp-json\/wp\/v2\/product"}],"about":[{"href":"https:\/\/pedaleurdecharme.com\/fr\/wp-json\/wp\/v2\/types\/product"}],"replies":[{"embeddable":true,"href":"https:\/\/pedaleurdecharme.com\/fr\/wp-json\/wp\/v2\/comments?post=156"}],"wp:featuredmedia":[{"embeddable":true,"href":"https:\/\/pedaleurdecharme.com\/fr\/wp-json\/wp\/v2\/media\/3732"}],"wp:attachment":[{"href":"https:\/\/pedaleurdecharme.com\/fr\/wp-json\/wp\/v2\/media?parent=156"}],"wp:term":[{"taxonomy":"product_brand","embeddable":true,"href":"https:\/\/pedaleurdecharme.com\/fr\/wp-json\/wp\/v2\/product_brand?post=156"},{"taxonomy":"product_cat","embeddable":true,"href":"https:\/\/pedaleurdecharme.com\/fr\/wp-json\/wp\/v2\/product_cat?post=156"},{"taxonomy":"product_tag","embeddable":true,"href":"https:\/\/pedaleurdecharme.com\/fr\/wp-json\/wp\/v2\/product_tag?post=156"}],"curies":[{"name":"wp","href":"https:\/\/api.w.org\/{rel}","templated":true}]}}