{"id":1012,"date":"2022-08-15T08:18:15","date_gmt":"2022-08-15T08:18:15","guid":{"rendered":"https:\/\/pedaleurdecharme.nl\/?post_type=product&#038;p=1012"},"modified":"2026-03-18T22:18:33","modified_gmt":"2026-03-18T20:18:33","slug":"wielersokken-pedaleur-de-charme-2","status":"publish","type":"product","link":"https:\/\/pedaleurdecharme.com\/fr\/product\/wielersokken-pedaleur-de-charme-2\/","title":{"rendered":"Chaussettes de cyclisme Pedaleur - Le charme"},"content":{"rendered":"<p>Il s'agit de chaussettes de haute qualit\u00e9, mais \u00e0 un prix tr\u00e8s comp\u00e9titif.<\/p>\n<p><strong>Adaptation<\/strong><\/p>\n<p>Vous avez le choix entre deux variantes :<\/p>\n<p><em>Coupe basique et confortable<\/em><\/p>\n<ul>\n<li>Coupe confortable<\/li>\n<li>On a \u00e0 peine l'impression de les porter<\/li>\n<li>Pour le coureur qui veut surtout avoir l'air en forme<\/li>\n<\/ul>\n<p><em>Coupe de compression haut de gamme<\/em><\/p>\n<ul>\n<li>Ajustement plus serr\u00e9 contre l'affaissement<\/li>\n<li>Favorise la circulation sanguine<\/li>\n<li>Pour le coureur qui veut \u00eatre beau et performant au plus haut niveau<\/li>\n<\/ul>\n<p><strong>Instructions de lavage<\/strong><\/p>\n<ul>\n<li>Lavage \u00e0 30 degr\u00e9s<\/li>\n<li>Ne les mettez pas dans le s\u00e8che-linge<\/li>\n<\/ul>\n<p><strong>Tissu<\/strong><\/p>\n<p>Polyester et nylon<\/p>\n<p><strong>Exp\u00e9dition<\/strong><\/p>\n<p>Nous exp\u00e9dions dans un d\u00e9lai de 1 \u00e0 2 jours ouvrables, y compris \u00e0 l'\u00e9tranger. <a href=\"https:\/\/pedaleurdecharme.com\/fr\/verzendkosten\/\" target=\"_blank\" rel=\"noopener noreferrer\">\u00e0 l'\u00e9tranger<\/a>.<\/p>","protected":false},"excerpt":{"rendered":"<p>Met deze klassieke witte wielersokken &#8211; met op de achterkant de tekst &#8220;Pedaleur&#8221; en &#8220;De Charme&#8221; &#8211; ga jij perfect gesoigneerd de weg op. Want misschien ben je niet in staat om Parijs Roubaix te winnen, je kunt er wel altijd goed uitzien! En de mensen die in je wiel zitten, zullen dat zien ook.<\/p>","protected":false},"featured_media":1007,"comment_status":"open","ping_status":"closed","template":"","meta":[],"product_brand":[340],"product_cat":[19],"product_tag":[333,179,180,334,335,192,68,66,336,52,51,21],"class_list":{"0":"post-1012","1":"product","2":"type-product","3":"status-publish","4":"has-post-thumbnail","6":"product_brand-pedaleur-de-charme","7":"product_cat-wielersokken","8":"product_tag-fietskousen","9":"product_tag-klassiek","10":"product_tag-klassieke-sokken","11":"product_tag-koerssokken","12":"product_tag-kousen","13":"product_tag-pedaleur","14":"product_tag-pedaleur-de-charme","15":"product_tag-sokken","16":"product_tag-wielerkousen","17":"product_tag-wielersokken","18":"product_tag-wielrensokken","19":"product_tag-wit","21":"first","22":"instock","23":"shipping-taxable","24":"purchasable","25":"product-type-variable"},"yoast_head":"<!-- This site is optimized with the Yoast SEO plugin v27.4 - https:\/\/yoast.com\/product\/yoast-seo-wordpress\/ -->\n<title>Wielersokken Pedaleur - De Charme - Pedaleur de Charme<\/title>\n<meta name=\"description\" content=\"Een geweldige, stijlvolle, hagelwitte wielersok. Hiermee ga jij perfect gesoigneerd de weg op. Als je er maar goed uitziet!\" \/>\n<meta name=\"robots\" content=\"index, follow, max-snippet:-1, max-image-preview:large, max-video-preview:-1\" \/>\n<link rel=\"canonical\" href=\"https:\/\/pedaleurdecharme.com\/fr\/produit\/wielersokken-pedaleur-de-charme-2\/\" \/>\n<meta property=\"og:locale\" content=\"fr_FR\" \/>\n<meta property=\"og:type\" content=\"article\" \/>\n<meta property=\"og:title\" content=\"Wielersokken Pedaleur - De Charme - Pedaleur de Charme\" \/>\n<meta property=\"og:description\" content=\"Een geweldige, stijlvolle, hagelwitte wielersok. Hiermee ga jij perfect gesoigneerd de weg op. Als je er maar goed uitziet!\" \/>\n<meta property=\"og:url\" content=\"https:\/\/pedaleurdecharme.com\/fr\/produit\/wielersokken-pedaleur-de-charme-2\/\" \/>\n<meta property=\"og:site_name\" content=\"Pedaleur de Charme\" \/>\n<meta property=\"article:modified_time\" content=\"2026-03-18T20:18:33+00:00\" \/>\n<meta property=\"og:image\" content=\"https:\/\/pedaleurdecharme.com\/wp-content\/uploads\/2021\/10\/sok-logo-pedaleur.jpg\" \/>\n\t<meta property=\"og:image:width\" content=\"800\" \/>\n\t<meta property=\"og:image:height\" content=\"1017\" \/>\n\t<meta property=\"og:image:type\" content=\"image\/jpeg\" \/>\n<meta name=\"twitter:card\" content=\"summary_large_image\" \/>\n<meta name=\"twitter:label1\" content=\"Dur\u00e9e de lecture estim\u00e9e\" \/>\n\t<meta name=\"twitter:data1\" content=\"1 minute\" \/>\n<script type=\"application\/ld+json\" class=\"yoast-schema-graph\">{\"@context\":\"https:\\\/\\\/schema.org\",\"@graph\":[{\"@type\":\"WebPage\",\"@id\":\"https:\\\/\\\/pedaleurdecharme.com\\\/product\\\/wielersokken-pedaleur-de-charme-2\\\/\",\"url\":\"https:\\\/\\\/pedaleurdecharme.com\\\/product\\\/wielersokken-pedaleur-de-charme-2\\\/\",\"name\":\"Wielersokken Pedaleur - De Charme - Pedaleur de Charme\",\"isPartOf\":{\"@id\":\"https:\\\/\\\/pedaleurdecharme.com\\\/#website\"},\"primaryImageOfPage\":{\"@id\":\"https:\\\/\\\/pedaleurdecharme.com\\\/product\\\/wielersokken-pedaleur-de-charme-2\\\/#primaryimage\"},\"image\":{\"@id\":\"https:\\\/\\\/pedaleurdecharme.com\\\/product\\\/wielersokken-pedaleur-de-charme-2\\\/#primaryimage\"},\"thumbnailUrl\":\"https:\\\/\\\/pedaleurdecharme.com\\\/wp-content\\\/uploads\\\/2021\\\/10\\\/sok-logo-pedaleur.jpg\",\"datePublished\":\"2022-08-15T08:18:15+00:00\",\"dateModified\":\"2026-03-18T20:18:33+00:00\",\"description\":\"Een geweldige, stijlvolle, hagelwitte wielersok. Hiermee ga jij perfect gesoigneerd de weg op. Als je er maar goed uitziet!\",\"breadcrumb\":{\"@id\":\"https:\\\/\\\/pedaleurdecharme.com\\\/product\\\/wielersokken-pedaleur-de-charme-2\\\/#breadcrumb\"},\"inLanguage\":\"fr-FR\",\"potentialAction\":[{\"@type\":\"ReadAction\",\"target\":[\"https:\\\/\\\/pedaleurdecharme.com\\\/product\\\/wielersokken-pedaleur-de-charme-2\\\/\"]}]},{\"@type\":\"ImageObject\",\"inLanguage\":\"fr-FR\",\"@id\":\"https:\\\/\\\/pedaleurdecharme.com\\\/product\\\/wielersokken-pedaleur-de-charme-2\\\/#primaryimage\",\"url\":\"https:\\\/\\\/pedaleurdecharme.com\\\/wp-content\\\/uploads\\\/2021\\\/10\\\/sok-logo-pedaleur.jpg\",\"contentUrl\":\"https:\\\/\\\/pedaleurdecharme.com\\\/wp-content\\\/uploads\\\/2021\\\/10\\\/sok-logo-pedaleur.jpg\",\"width\":800,\"height\":1017,\"caption\":\"Pedaleur - De Charme\"},{\"@type\":\"BreadcrumbList\",\"@id\":\"https:\\\/\\\/pedaleurdecharme.com\\\/product\\\/wielersokken-pedaleur-de-charme-2\\\/#breadcrumb\",\"itemListElement\":[{\"@type\":\"ListItem\",\"position\":1,\"name\":\"Home\",\"item\":\"https:\\\/\\\/pedaleurdecharme.com\\\/\"},{\"@type\":\"ListItem\",\"position\":2,\"name\":\"Winkel\",\"item\":\"https:\\\/\\\/pedaleurdecharme.com\\\/winkel\\\/\"},{\"@type\":\"ListItem\",\"position\":3,\"name\":\"Wielersokken Pedaleur &#8211; De Charme\"}]},{\"@type\":\"WebSite\",\"@id\":\"https:\\\/\\\/pedaleurdecharme.com\\\/#website\",\"url\":\"https:\\\/\\\/pedaleurdecharme.com\\\/\",\"name\":\"Pedaleur de Charme\",\"description\":\"Niet gemaakt voor iedereen. Gemaakt voor jou.\",\"potentialAction\":[{\"@type\":\"SearchAction\",\"target\":{\"@type\":\"EntryPoint\",\"urlTemplate\":\"https:\\\/\\\/pedaleurdecharme.com\\\/?s={search_term_string}\"},\"query-input\":{\"@type\":\"PropertyValueSpecification\",\"valueRequired\":true,\"valueName\":\"search_term_string\"}}],\"inLanguage\":\"fr-FR\"}]}<\/script>\n<!-- \/ Yoast SEO plugin. -->","yoast_head_json":{"title":"Wielersokken Pedaleur - De Charme - Pedaleur de Charme","description":"Een geweldige, stijlvolle, hagelwitte wielersok. Hiermee ga jij perfect gesoigneerd de weg op. Als je er maar goed uitziet!","robots":{"index":"index","follow":"follow","max-snippet":"max-snippet:-1","max-image-preview":"max-image-preview:large","max-video-preview":"max-video-preview:-1"},"canonical":"https:\/\/pedaleurdecharme.com\/fr\/produit\/wielersokken-pedaleur-de-charme-2\/","og_locale":"fr_FR","og_type":"article","og_title":"Wielersokken Pedaleur - De Charme - Pedaleur de Charme","og_description":"Een geweldige, stijlvolle, hagelwitte wielersok. Hiermee ga jij perfect gesoigneerd de weg op. Als je er maar goed uitziet!","og_url":"https:\/\/pedaleurdecharme.com\/fr\/produit\/wielersokken-pedaleur-de-charme-2\/","og_site_name":"Pedaleur de Charme","article_modified_time":"2026-03-18T20:18:33+00:00","og_image":[{"width":800,"height":1017,"url":"https:\/\/pedaleurdecharme.com\/wp-content\/uploads\/2021\/10\/sok-logo-pedaleur.jpg","type":"image\/jpeg"}],"twitter_card":"summary_large_image","twitter_misc":{"Dur\u00e9e de lecture estim\u00e9e":"1 minute"},"schema":{"@context":"https:\/\/schema.org","@graph":[{"@type":"WebPage","@id":"https:\/\/pedaleurdecharme.com\/product\/wielersokken-pedaleur-de-charme-2\/","url":"https:\/\/pedaleurdecharme.com\/product\/wielersokken-pedaleur-de-charme-2\/","name":"Wielersokken Pedaleur - De Charme - Pedaleur de Charme","isPartOf":{"@id":"https:\/\/pedaleurdecharme.com\/#website"},"primaryImageOfPage":{"@id":"https:\/\/pedaleurdecharme.com\/product\/wielersokken-pedaleur-de-charme-2\/#primaryimage"},"image":{"@id":"https:\/\/pedaleurdecharme.com\/product\/wielersokken-pedaleur-de-charme-2\/#primaryimage"},"thumbnailUrl":"https:\/\/pedaleurdecharme.com\/wp-content\/uploads\/2021\/10\/sok-logo-pedaleur.jpg","datePublished":"2022-08-15T08:18:15+00:00","dateModified":"2026-03-18T20:18:33+00:00","description":"Een geweldige, stijlvolle, hagelwitte wielersok. Hiermee ga jij perfect gesoigneerd de weg op. Als je er maar goed uitziet!","breadcrumb":{"@id":"https:\/\/pedaleurdecharme.com\/product\/wielersokken-pedaleur-de-charme-2\/#breadcrumb"},"inLanguage":"fr-FR","potentialAction":[{"@type":"ReadAction","target":["https:\/\/pedaleurdecharme.com\/product\/wielersokken-pedaleur-de-charme-2\/"]}]},{"@type":"ImageObject","inLanguage":"fr-FR","@id":"https:\/\/pedaleurdecharme.com\/product\/wielersokken-pedaleur-de-charme-2\/#primaryimage","url":"https:\/\/pedaleurdecharme.com\/wp-content\/uploads\/2021\/10\/sok-logo-pedaleur.jpg","contentUrl":"https:\/\/pedaleurdecharme.com\/wp-content\/uploads\/2021\/10\/sok-logo-pedaleur.jpg","width":800,"height":1017,"caption":"Pedaleur - De Charme"},{"@type":"BreadcrumbList","@id":"https:\/\/pedaleurdecharme.com\/product\/wielersokken-pedaleur-de-charme-2\/#breadcrumb","itemListElement":[{"@type":"ListItem","position":1,"name":"Home","item":"https:\/\/pedaleurdecharme.com\/"},{"@type":"ListItem","position":2,"name":"Winkel","item":"https:\/\/pedaleurdecharme.com\/winkel\/"},{"@type":"ListItem","position":3,"name":"Wielersokken Pedaleur &#8211; De Charme"}]},{"@type":"WebSite","@id":"https:\/\/pedaleurdecharme.com\/#website","url":"https:\/\/pedaleurdecharme.com\/","name":"P\u00e9daleur de charme","description":"Pas faites pour tout le monde. Faites pour vous.","potentialAction":[{"@type":"SearchAction","target":{"@type":"EntryPoint","urlTemplate":"https:\/\/pedaleurdecharme.com\/?s={search_term_string}"},"query-input":{"@type":"PropertyValueSpecification","valueRequired":true,"valueName":"search_term_string"}}],"inLanguage":"fr-FR"}]}},"_links":{"self":[{"href":"https:\/\/pedaleurdecharme.com\/fr\/wp-json\/wp\/v2\/product\/1012","targetHints":{"allow":["GET"]}}],"collection":[{"href":"https:\/\/pedaleurdecharme.com\/fr\/wp-json\/wp\/v2\/product"}],"about":[{"href":"https:\/\/pedaleurdecharme.com\/fr\/wp-json\/wp\/v2\/types\/product"}],"replies":[{"embeddable":true,"href":"https:\/\/pedaleurdecharme.com\/fr\/wp-json\/wp\/v2\/comments?post=1012"}],"wp:featuredmedia":[{"embeddable":true,"href":"https:\/\/pedaleurdecharme.com\/fr\/wp-json\/wp\/v2\/media\/1007"}],"wp:attachment":[{"href":"https:\/\/pedaleurdecharme.com\/fr\/wp-json\/wp\/v2\/media?parent=1012"}],"wp:term":[{"taxonomy":"product_brand","embeddable":true,"href":"https:\/\/pedaleurdecharme.com\/fr\/wp-json\/wp\/v2\/product_brand?post=1012"},{"taxonomy":"product_cat","embeddable":true,"href":"https:\/\/pedaleurdecharme.com\/fr\/wp-json\/wp\/v2\/product_cat?post=1012"},{"taxonomy":"product_tag","embeddable":true,"href":"https:\/\/pedaleurdecharme.com\/fr\/wp-json\/wp\/v2\/product_tag?post=1012"}],"curies":[{"name":"wp","href":"https:\/\/api.w.org\/{rel}","templated":true}]}}