{"id":3882,"date":"2025-11-18T12:22:03","date_gmt":"2025-11-18T10:22:03","guid":{"rendered":"https:\/\/pedaleurdecharme.nl\/?page_id=3882"},"modified":"2025-11-18T12:22:03","modified_gmt":"2025-11-18T10:22:03","slug":"faq-questions-frequemment-posees","status":"publish","type":"page","link":"https:\/\/pedaleurdecharme.com\/fr\/veelgestelde-vragen-faq-frequently-asked-questions\/","title":{"rendered":"Foire aux questions (FAQ)"},"content":{"rendered":"<div class=\"fusion-fullwidth fullwidth-box fusion-builder-row-1 fusion-flex-container nonhundred-percent-fullwidth non-hundred-percent-height-scrolling\" style=\"--awb-border-radius-top-left:0px;--awb-border-radius-top-right:0px;--awb-border-radius-bottom-right:0px;--awb-border-radius-bottom-left:0px;--awb-flex-wrap:wrap;\" ><div class=\"fusion-builder-row fusion-row fusion-flex-align-items-flex-start fusion-flex-content-wrap\" style=\"max-width:1456px;margin-left: calc(-4% \/ 2 );margin-right: calc(-4% \/ 2 );\"><div class=\"fusion-layout-column fusion_builder_column fusion-builder-column-0 fusion_builder_column_1_1 1_1 fusion-flex-column\" style=\"--awb-bg-size:cover;--awb-width-large:100%;--awb-margin-top-large:0px;--awb-spacing-right-large:1.92%;--awb-margin-bottom-large:0px;--awb-spacing-left-large:1.92%;--awb-width-medium:100%;--awb-spacing-right-medium:1.92%;--awb-spacing-left-medium:1.92%;--awb-width-small:100%;--awb-spacing-right-small:1.92%;--awb-spacing-left-small:1.92%;\"><div class=\"fusion-column-wrapper fusion-flex-justify-content-flex-start fusion-content-layout-column\"><div class=\"fusion-text fusion-text-1\"><p><strong>1. Chaussettes de cyclisme personnalis\u00e9es<\/strong><\/p>\n<p><strong>Qu'est-ce qui fait des chaussettes cyclistes personnalis\u00e9es un cadeau original ?<\/strong><\/p>\n<p>Nos chaussettes sont uniques parce qu'elles sont vraiment personnalis\u00e9es. Pas de modules standardis\u00e9s, mais un design sur mesure. Il s'agit d'un cadeau cycliste personnel fait sp\u00e9cialement pour le destinataire. <a href=\"https:\/\/pedaleurdecharme.com\/fr\/chaussettes-cyclistes-personnalisees\/\">Cliquez ici pour plus d'informations.<\/a><\/p>\n<p><strong>Comment fonctionne la personnalisation des chaussettes ?<\/strong><\/p>\n<p>Vous choisissez un type de chaussette, vous passez \u00e0 la caisse et vous envoyez votre photo et\/ou vos souhaits en m\u00eame temps que la commande. Nous vous enverrons un \u00e9chantillon sur lequel vous pourrez donner votre avis. Nous ferons les ajustements n\u00e9cessaires et imprimerons les chaussettes. <a href=\"https:\/\/pedaleurdecharme.com\/fr\/chaussettes-cyclistes-personnalisees\/\">Cliquez ici pour plus d'informations.<\/a><\/p>\n<p><strong>Est-il possible d'apposer un logo ou un nom d'\u00e9quipe sur les chaussettes ?<\/strong><\/p>\n<p>Oui, les logos d'\u00e9quipes, de clubs et d'entreprises sont possibles. Veuillez nous contacter pour des commandes plus importantes. <a href=\"https:\/\/pedaleurdecharme.com\/fr\/chaussettes-cyclistes-personnalisees-b2b-pour-les-entreprises\/\">Cliquez ici pour plus d'informations.<\/a><\/p>\n<p><strong>En quelle mati\u00e8re les chaussettes sont-elles fabriqu\u00e9es ?<\/strong><\/p>\n<p>Nos chaussettes de cyclisme sont fabriqu\u00e9es en nylon et polyerster de haute qualit\u00e9. Elles sont fines, respirantes, r\u00e9gulent l'humidit\u00e9 et sont parfaites pour le cyclisme intensif.<\/p>\n<p><strong>Combien de temps faut-il pour que les chaussettes personnalis\u00e9es soient pr\u00eates ?<\/strong><\/p>\n<p>Moyenne de 2 \u00e0 3 jours ouvrables pour la production et l'exp\u00e9dition. Possibilit\u00e9 d'urgence sur demande.<\/p>\n<p><strong>L'impression restera-t-elle en place pendant le cyclisme ?<\/strong><\/p>\n<p>Oui, la technologie d'impression est r\u00e9sistante \u00e0 la transpiration et au lavage. Nos chaussettes sont con\u00e7ues pour un usage intensif par les cyclistes. Cependant, il est important <a href=\"https:\/\/pedaleurdecharme.com\/fr\/chaussettes-de-cyclisme-2\/houd-je-wielrensokken-in-topvorm-praktische-onderhoudstips-voor-de-perfecte-rit\/\">instructions de lavage<\/a> \u00e0 suivre.<\/p>\n<p><strong>\u00c0 qui s'adressent ces chaussettes ?<\/strong><\/p>\n<p>Pour les cyclistes de tout niveau : votre compagnon de v\u00e9lo, les membres de votre club, vos coll\u00e8gues, vos amis cyclistes et bien s\u00fbr comme cadeau pour les anniversaires, la f\u00eate des p\u00e8res ou les \u00e9v\u00e9nements d'\u00e9quipe.<\/p>\n<p>-<\/p>\n<p><strong>2. Questions g\u00e9n\u00e9rales (boutique et exp\u00e9dition)<\/strong><\/p>\n<p><strong>Quels sont les frais d'exp\u00e9dition ?<\/strong><\/p>\n<p>Aux Pays-Bas, les frais d'envoi sont de 5 euros. A l'\u00e9tranger, le co\u00fbt est de 9 euros.<\/p>\n<p><strong>Les produits personnalis\u00e9s sont-ils \u00e9galement retourn\u00e9s ?<\/strong><\/p>\n<p>\u00c9tant donn\u00e9 qu'elles sont fabriqu\u00e9es sur mesure, les chaussettes personnalis\u00e9es ne peuvent \u00eatre retourn\u00e9es. Vous avez un probl\u00e8me ? Nous le r\u00e9solvons toujours gentiment. Nous offrons simplement une garantie.<\/p>\n<p><strong>Puis-je acheter un ch\u00e8que-cadeau ?<\/strong><\/p>\n<p>Oui, nous proposons des cartes-cadeaux num\u00e9riques pour les cyclistes. <a href=\"https:\/\/pedaleurdecharme.com\/fr\/produit\/pedaleur-de-charme-waardebon\/\">Voir ici.<\/a><\/p>\n<p><strong>Puis-je encore modifier ma commande ?<\/strong><\/p>\n<p>Tant que le produit n'est pas encore en production, vous pouvez le faire. <a href=\"https:\/\/pedaleurdecharme.com\/fr\/contact\/\">Contactez-nous directement.<\/a><\/p>\n<p><strong>Fournissez-vous \u00e9galement des entreprises et des \u00e9quipes ?<\/strong><\/p>\n<p>Oui. Les \u00e9quipes, les entreprises ou les clubs peuvent commander des chaussettes personnalis\u00e9es en b\u00e9n\u00e9ficiant de remises sur le volume. <a href=\"https:\/\/pedaleurdecharme.com\/fr\/chaussettes-cyclistes-personnalisees-b2b-pour-les-entreprises\/\">Cliquez ici pour plus d'informations.<\/a><\/p>\n<p>-<\/p>\n<p><strong>3. Autres questions<\/strong><\/p>\n<p><strong>Est-ce un bon cadeau pour un cycliste ?<\/strong><\/p>\n<p>Oui, les chaussettes cyclistes personnalis\u00e9es sont l'un des cadeaux les plus originaux pour les cyclistes, car elles sont \u00e0 la fois personnelles et fonctionnelles. <a href=\"https:\/\/pedaleurdecharme.com\/fr\/chaussettes-de-cyclisme-2\/chaussettes-de-velo-personnalisees-le-cadeau-ideal-pour-les-passionnes-de-cyclisme\/\">Cliquez ici pour plus d'informations.<\/a><\/p>\n<p><strong>Qu'est-ce qu'un bon cadeau cycliste personnalis\u00e9 ?<\/strong><\/p>\n<p>Un cadeau que vous pouvez personnaliser (comme nos chaussettes) est tr\u00e8s appr\u00e9ci\u00e9 des cyclistes. <a href=\"https:\/\/pedaleurdecharme.com\/fr\/chaussettes-de-cyclisme-2\/chaussettes-de-velo-personnalisees-le-cadeau-ideal-pour-les-passionnes-de-cyclisme\/\">Cliquez ici pour plus d'informations.<\/a><\/p>\n<p><strong>Peut-on personnaliser les chaussettes de cyclisme avec un nom ou un texte ?<\/strong><\/p>\n<p>Oui, c'est exactement notre sp\u00e9cialit\u00e9.<\/p>\n<p><strong>Pourquoi les cyclistes choisissent-ils des chaussettes personnalis\u00e9es ?<\/strong><\/p>\n<p>Parce que les cyclistes appr\u00e9cient le style, l'identit\u00e9 et les tenues assorties, la personnalisation rend le cadeau encore plus sp\u00e9cial !<\/p>\n<\/div><\/div><\/div><\/div><\/div>","protected":false},"excerpt":{"rendered":"","protected":false},"author":1,"featured_media":0,"parent":0,"menu_order":0,"comment_status":"closed","ping_status":"closed","template":"100-width.php","meta":{"footnotes":""},"class_list":["post-3882","page","type-page","status-publish","hentry"],"yoast_head":"<!-- This site is optimized with the Yoast SEO plugin v27.2 - https:\/\/yoast.com\/product\/yoast-seo-wordpress\/ -->\n<title>Veelgestelde vragen - FAQ (Frequently Asked Questions) - Pedaleur de Charme<\/title>\n<meta name=\"description\" content=\"De veelgestelde vragen FAQ op pedaleurdecharme.nl\" \/>\n<meta name=\"robots\" content=\"index, follow, max-snippet:-1, max-image-preview:large, max-video-preview:-1\" \/>\n<link rel=\"canonical\" href=\"https:\/\/pedaleurdecharme.com\/fr\/faq-questions-frequemment-posees\/\" \/>\n<meta property=\"og:locale\" content=\"fr_FR\" \/>\n<meta property=\"og:type\" content=\"article\" \/>\n<meta property=\"og:title\" content=\"Veelgestelde vragen - FAQ (Frequently Asked Questions) - Pedaleur de Charme\" \/>\n<meta property=\"og:description\" content=\"De veelgestelde vragen FAQ op pedaleurdecharme.nl\" \/>\n<meta property=\"og:url\" content=\"https:\/\/pedaleurdecharme.com\/fr\/faq-questions-frequemment-posees\/\" \/>\n<meta property=\"og:site_name\" content=\"Pedaleur de Charme\" \/>\n<meta name=\"twitter:card\" content=\"summary_large_image\" \/>\n<meta name=\"twitter:label1\" content=\"Dur\u00e9e de lecture estim\u00e9e\" \/>\n\t<meta name=\"twitter:data1\" content=\"3 minutes\" \/>\n<script type=\"application\/ld+json\" class=\"yoast-schema-graph\">{\"@context\":\"https:\/\/schema.org\",\"@graph\":[{\"@type\":\"WebPage\",\"@id\":\"https:\/\/pedaleurdecharme.com\/veelgestelde-vragen-faq-frequently-asked-questions\/\",\"url\":\"https:\/\/pedaleurdecharme.com\/veelgestelde-vragen-faq-frequently-asked-questions\/\",\"name\":\"Veelgestelde vragen - FAQ (Frequently Asked Questions) - Pedaleur de Charme\",\"isPartOf\":{\"@id\":\"https:\/\/pedaleurdecharme.com\/#website\"},\"datePublished\":\"2025-11-18T10:22:03+00:00\",\"description\":\"De veelgestelde vragen FAQ op pedaleurdecharme.nl\",\"breadcrumb\":{\"@id\":\"https:\/\/pedaleurdecharme.com\/veelgestelde-vragen-faq-frequently-asked-questions\/#breadcrumb\"},\"inLanguage\":\"fr-FR\",\"potentialAction\":[{\"@type\":\"ReadAction\",\"target\":[\"https:\/\/pedaleurdecharme.com\/veelgestelde-vragen-faq-frequently-asked-questions\/\"]}]},{\"@type\":\"BreadcrumbList\",\"@id\":\"https:\/\/pedaleurdecharme.com\/veelgestelde-vragen-faq-frequently-asked-questions\/#breadcrumb\",\"itemListElement\":[{\"@type\":\"ListItem\",\"position\":1,\"name\":\"Home\",\"item\":\"https:\/\/pedaleurdecharme.com\/\"},{\"@type\":\"ListItem\",\"position\":2,\"name\":\"Veelgestelde vragen &#8211; FAQ (Frequently Asked Questions)\"}]},{\"@type\":\"WebSite\",\"@id\":\"https:\/\/pedaleurdecharme.com\/#website\",\"url\":\"https:\/\/pedaleurdecharme.com\/\",\"name\":\"Pedaleur de Charme\",\"description\":\"Niet gemaakt voor iedereen. Gemaakt voor jou.\",\"potentialAction\":[{\"@type\":\"SearchAction\",\"target\":{\"@type\":\"EntryPoint\",\"urlTemplate\":\"https:\/\/pedaleurdecharme.com\/?s={search_term_string}\"},\"query-input\":{\"@type\":\"PropertyValueSpecification\",\"valueRequired\":true,\"valueName\":\"search_term_string\"}}],\"inLanguage\":\"fr-FR\"}]}<\/script>\n<!-- \/ Yoast SEO plugin. -->","yoast_head_json":{"title":"Questions fr\u00e9quemment pos\u00e9es - FAQ (Frequently Asked Questions) - Pedaleur de Charme","description":"La foire aux questions FAQ sur pedaleurdecharme.co.uk","robots":{"index":"index","follow":"follow","max-snippet":"max-snippet:-1","max-image-preview":"max-image-preview:large","max-video-preview":"max-video-preview:-1"},"canonical":"https:\/\/pedaleurdecharme.com\/fr\/faq-questions-frequemment-posees\/","og_locale":"fr_FR","og_type":"article","og_title":"Veelgestelde vragen - FAQ (Frequently Asked Questions) - Pedaleur de Charme","og_description":"De veelgestelde vragen FAQ op pedaleurdecharme.nl","og_url":"https:\/\/pedaleurdecharme.com\/fr\/faq-questions-frequemment-posees\/","og_site_name":"Pedaleur de Charme","twitter_card":"summary_large_image","twitter_misc":{"Dur\u00e9e de lecture estim\u00e9e":"3 minutes"},"schema":{"@context":"https:\/\/schema.org","@graph":[{"@type":"WebPage","@id":"https:\/\/pedaleurdecharme.com\/veelgestelde-vragen-faq-frequently-asked-questions\/","url":"https:\/\/pedaleurdecharme.com\/veelgestelde-vragen-faq-frequently-asked-questions\/","name":"Questions fr\u00e9quemment pos\u00e9es - FAQ (Frequently Asked Questions) - Pedaleur de Charme","isPartOf":{"@id":"https:\/\/pedaleurdecharme.com\/#website"},"datePublished":"2025-11-18T10:22:03+00:00","description":"La foire aux questions FAQ sur pedaleurdecharme.co.uk","breadcrumb":{"@id":"https:\/\/pedaleurdecharme.com\/veelgestelde-vragen-faq-frequently-asked-questions\/#breadcrumb"},"inLanguage":"fr-FR","potentialAction":[{"@type":"ReadAction","target":["https:\/\/pedaleurdecharme.com\/veelgestelde-vragen-faq-frequently-asked-questions\/"]}]},{"@type":"BreadcrumbList","@id":"https:\/\/pedaleurdecharme.com\/veelgestelde-vragen-faq-frequently-asked-questions\/#breadcrumb","itemListElement":[{"@type":"ListItem","position":1,"name":"Home","item":"https:\/\/pedaleurdecharme.com\/"},{"@type":"ListItem","position":2,"name":"Veelgestelde vragen &#8211; FAQ (Frequently Asked Questions)"}]},{"@type":"WebSite","@id":"https:\/\/pedaleurdecharme.com\/#website","url":"https:\/\/pedaleurdecharme.com\/","name":"P\u00e9daleur de charme","description":"Pas faites pour tout le monde. Faites pour vous.","potentialAction":[{"@type":"SearchAction","target":{"@type":"EntryPoint","urlTemplate":"https:\/\/pedaleurdecharme.com\/?s={search_term_string}"},"query-input":{"@type":"PropertyValueSpecification","valueRequired":true,"valueName":"search_term_string"}}],"inLanguage":"fr-FR"}]}},"_links":{"self":[{"href":"https:\/\/pedaleurdecharme.com\/fr\/wp-json\/wp\/v2\/pages\/3882","targetHints":{"allow":["GET"]}}],"collection":[{"href":"https:\/\/pedaleurdecharme.com\/fr\/wp-json\/wp\/v2\/pages"}],"about":[{"href":"https:\/\/pedaleurdecharme.com\/fr\/wp-json\/wp\/v2\/types\/page"}],"author":[{"embeddable":true,"href":"https:\/\/pedaleurdecharme.com\/fr\/wp-json\/wp\/v2\/users\/1"}],"replies":[{"embeddable":true,"href":"https:\/\/pedaleurdecharme.com\/fr\/wp-json\/wp\/v2\/comments?post=3882"}],"version-history":[{"count":6,"href":"https:\/\/pedaleurdecharme.com\/fr\/wp-json\/wp\/v2\/pages\/3882\/revisions"}],"predecessor-version":[{"id":3911,"href":"https:\/\/pedaleurdecharme.com\/fr\/wp-json\/wp\/v2\/pages\/3882\/revisions\/3911"}],"wp:attachment":[{"href":"https:\/\/pedaleurdecharme.com\/fr\/wp-json\/wp\/v2\/media?parent=3882"}],"curies":[{"name":"wp","href":"https:\/\/api.w.org\/{rel}","templated":true}]}}