{"id":946,"date":"2022-07-27T19:09:26","date_gmt":"2022-07-27T19:09:26","guid":{"rendered":"https:\/\/pedaleurdecharme.nl\/?post_type=product&#038;p=946"},"modified":"2026-02-12T14:51:14","modified_gmt":"2026-02-12T12:51:14","slug":"radsocken-la-marmotte","status":"publish","type":"product","link":"https:\/\/pedaleurdecharme.com\/de\/product\/wielersokken-la-marmotte\/","title":{"rendered":"Radsocken La Marmotte"},"content":{"rendered":"<p>Die Socken sind von hoher Qualit\u00e4t, aber zu einem sehr g\u00fcnstigen Preis.<\/p>\n<p><strong>Einbau<\/strong><\/p>\n<p>Sie k\u00f6nnen zwischen zwei Varianten w\u00e4hlen:<\/p>\n<p><em>Einfache Komfort-Passform<\/em><\/p>\n<ul>\n<li>Bequeme Passform<\/li>\n<li>Man sp\u00fcrt kaum, dass man sie an hat<\/li>\n<li>F\u00fcr den Fahrer, der besonders gut aussehen will<\/li>\n<\/ul>\n<p><em>Hochwertige Kompressionspassform<\/em><\/p>\n<ul>\n<li>Engerer Sitz gegen Durchh\u00e4ngen<\/li>\n<li>F\u00f6rdert die Blutzirkulation<\/li>\n<li>F\u00fcr den Reiter, der gut aussehen und H\u00f6chstleistungen erbringen will<\/li>\n<\/ul>\n<p><strong>Waschanleitung<\/strong><\/p>\n<ul>\n<li>Waschen bei 30 Grad<\/li>\n<li>Nicht in den Trockner geben<\/li>\n<\/ul>\n<p><strong>Stoff<\/strong><\/p>\n<p>Polyester und Nylon<\/p>\n<p><strong>Versand<\/strong><\/p>\n<p>Wir versenden innerhalb von 1-2 Werktagen, auch an die <a href=\"https:\/\/pedaleurdecharme.com\/de\/versandkosten\/\" target=\"_blank\" rel=\"noopener noreferrer\">im Ausland<\/a>.<\/p>","protected":false},"excerpt":{"rendered":"<p>De Glandon, Telegraphe, Galibier und die Alpe d\u2019Huez; der wahre Radsportfan wei\u00df, was diese Aufz\u00e4hlung von Bergen bedeutet: La Marmotte nat\u00fcrlich! Dieser \u2018Gran Fondo\u2019 ist vielleicht die gr\u00f6\u00dfte Herausforderung f\u00fcr den Amateurradfahrer; ohne ordentlich abzusehen, wirst du ihn nicht schaffen. Aber sei beruhigt, egal wie schwer du es hast, mit diesen Radsocken wirst du gut aussehen!<\/p>","protected":false},"featured_media":3165,"comment_status":"open","ping_status":"closed","template":"","meta":[],"product_brand":[340],"product_cat":[19],"product_tag":[169,333,170,171,334,335,168,66,172,336,52,51,21],"class_list":{"0":"post-946","1":"product","2":"type-product","3":"status-publish","4":"has-post-thumbnail","6":"product_brand-pedaleur-de-charme","7":"product_cat-wielersokken","8":"product_tag-alpe-dhuez","9":"product_tag-fietskousen","10":"product_tag-galibier","11":"product_tag-glandon","12":"product_tag-koerssokken","13":"product_tag-kousen","14":"product_tag-marmotte","15":"product_tag-sokken","16":"product_tag-telegraphe","17":"product_tag-wielerkousen","18":"product_tag-wielersokken","19":"product_tag-wielrensokken","20":"product_tag-wit","22":"first","23":"instock","24":"shipping-taxable","25":"purchasable","26":"product-type-variable"},"yoast_head":"<!-- This site is optimized with the Yoast SEO plugin v27.4 - https:\/\/yoast.com\/product\/yoast-seo-wordpress\/ -->\n<title>Wielersokken La Marmotte - Pedaleur de Charme<\/title>\n<meta name=\"description\" content=\"Wanneer je La Marmotte gaat rijden zul je behoorlijk gaan afzien, maar met deze sokken zie je er wel top uit! Bestel ze nu.\" \/>\n<meta name=\"robots\" content=\"index, follow, max-snippet:-1, max-image-preview:large, max-video-preview:-1\" \/>\n<link rel=\"canonical\" href=\"https:\/\/pedaleurdecharme.com\/de\/produkt\/radsocken-la-marmotte\/\" \/>\n<meta property=\"og:locale\" content=\"de_DE\" \/>\n<meta property=\"og:type\" content=\"article\" \/>\n<meta property=\"og:title\" content=\"Wielersokken La Marmotte - Pedaleur de Charme\" \/>\n<meta property=\"og:description\" content=\"Wanneer je La Marmotte gaat rijden zul je behoorlijk gaan afzien, maar met deze sokken zie je er wel top uit! Bestel ze nu.\" \/>\n<meta property=\"og:url\" content=\"https:\/\/pedaleurdecharme.com\/de\/produkt\/radsocken-la-marmotte\/\" \/>\n<meta property=\"og:site_name\" content=\"Pedaleur de Charme\" \/>\n<meta property=\"article:modified_time\" content=\"2026-02-12T12:51:14+00:00\" \/>\n<meta property=\"og:image\" content=\"https:\/\/pedaleurdecharme.com\/wp-content\/uploads\/2022\/07\/wielersok-la-marmotte-1.jpg\" \/>\n\t<meta property=\"og:image:width\" content=\"800\" \/>\n\t<meta property=\"og:image:height\" content=\"1017\" \/>\n\t<meta property=\"og:image:type\" content=\"image\/jpeg\" \/>\n<meta name=\"twitter:card\" content=\"summary_large_image\" \/>\n<meta name=\"twitter:label1\" content=\"Gesch\u00e4tzte Lesezeit\" \/>\n\t<meta name=\"twitter:data1\" content=\"1\u00a0Minute\" \/>\n<script type=\"application\/ld+json\" class=\"yoast-schema-graph\">{\"@context\":\"https:\\\/\\\/schema.org\",\"@graph\":[{\"@type\":\"WebPage\",\"@id\":\"https:\\\/\\\/pedaleurdecharme.com\\\/product\\\/wielersokken-la-marmotte\\\/\",\"url\":\"https:\\\/\\\/pedaleurdecharme.com\\\/product\\\/wielersokken-la-marmotte\\\/\",\"name\":\"Wielersokken La Marmotte - Pedaleur de Charme\",\"isPartOf\":{\"@id\":\"https:\\\/\\\/pedaleurdecharme.com\\\/#website\"},\"primaryImageOfPage\":{\"@id\":\"https:\\\/\\\/pedaleurdecharme.com\\\/product\\\/wielersokken-la-marmotte\\\/#primaryimage\"},\"image\":{\"@id\":\"https:\\\/\\\/pedaleurdecharme.com\\\/product\\\/wielersokken-la-marmotte\\\/#primaryimage\"},\"thumbnailUrl\":\"https:\\\/\\\/pedaleurdecharme.com\\\/wp-content\\\/uploads\\\/2022\\\/07\\\/wielersok-la-marmotte-1.jpg\",\"datePublished\":\"2022-07-27T19:09:26+00:00\",\"dateModified\":\"2026-02-12T12:51:14+00:00\",\"description\":\"Wanneer je La Marmotte gaat rijden zul je behoorlijk gaan afzien, maar met deze sokken zie je er wel top uit! Bestel ze nu.\",\"breadcrumb\":{\"@id\":\"https:\\\/\\\/pedaleurdecharme.com\\\/product\\\/wielersokken-la-marmotte\\\/#breadcrumb\"},\"inLanguage\":\"de\",\"potentialAction\":[{\"@type\":\"ReadAction\",\"target\":[\"https:\\\/\\\/pedaleurdecharme.com\\\/product\\\/wielersokken-la-marmotte\\\/\"]}]},{\"@type\":\"ImageObject\",\"inLanguage\":\"de\",\"@id\":\"https:\\\/\\\/pedaleurdecharme.com\\\/product\\\/wielersokken-la-marmotte\\\/#primaryimage\",\"url\":\"https:\\\/\\\/pedaleurdecharme.com\\\/wp-content\\\/uploads\\\/2022\\\/07\\\/wielersok-la-marmotte-1.jpg\",\"contentUrl\":\"https:\\\/\\\/pedaleurdecharme.com\\\/wp-content\\\/uploads\\\/2022\\\/07\\\/wielersok-la-marmotte-1.jpg\",\"width\":800,\"height\":1017},{\"@type\":\"BreadcrumbList\",\"@id\":\"https:\\\/\\\/pedaleurdecharme.com\\\/product\\\/wielersokken-la-marmotte\\\/#breadcrumb\",\"itemListElement\":[{\"@type\":\"ListItem\",\"position\":1,\"name\":\"Home\",\"item\":\"https:\\\/\\\/pedaleurdecharme.com\\\/\"},{\"@type\":\"ListItem\",\"position\":2,\"name\":\"Winkel\",\"item\":\"https:\\\/\\\/pedaleurdecharme.com\\\/winkel\\\/\"},{\"@type\":\"ListItem\",\"position\":3,\"name\":\"Wielersokken La Marmotte\"}]},{\"@type\":\"WebSite\",\"@id\":\"https:\\\/\\\/pedaleurdecharme.com\\\/#website\",\"url\":\"https:\\\/\\\/pedaleurdecharme.com\\\/\",\"name\":\"Pedaleur de Charme\",\"description\":\"Niet gemaakt voor iedereen. Gemaakt voor jou.\",\"potentialAction\":[{\"@type\":\"SearchAction\",\"target\":{\"@type\":\"EntryPoint\",\"urlTemplate\":\"https:\\\/\\\/pedaleurdecharme.com\\\/?s={search_term_string}\"},\"query-input\":{\"@type\":\"PropertyValueSpecification\",\"valueRequired\":true,\"valueName\":\"search_term_string\"}}],\"inLanguage\":\"de\"}]}<\/script>\n<!-- \/ Yoast SEO plugin. -->","yoast_head_json":{"title":"Wielersokken La Marmotte - Charmanter Radfahrer","description":"Wenn Sie La Marmotte fahren werden Sie ziemlich leiden, aber mit diesen Socken werden Sie gut aussehen! Bestellen Sie sie jetzt.","robots":{"index":"index","follow":"follow","max-snippet":"max-snippet:-1","max-image-preview":"max-image-preview:large","max-video-preview":"max-video-preview:-1"},"canonical":"https:\/\/pedaleurdecharme.com\/de\/produkt\/radsocken-la-marmotte\/","og_locale":"de_DE","og_type":"article","og_title":"Wielersokken La Marmotte - Pedaleur de Charme","og_description":"Wanneer je La Marmotte gaat rijden zul je behoorlijk gaan afzien, maar met deze sokken zie je er wel top uit! Bestel ze nu.","og_url":"https:\/\/pedaleurdecharme.com\/de\/produkt\/radsocken-la-marmotte\/","og_site_name":"Pedaleur de Charme","article_modified_time":"2026-02-12T12:51:14+00:00","og_image":[{"width":800,"height":1017,"url":"https:\/\/pedaleurdecharme.com\/wp-content\/uploads\/2022\/07\/wielersok-la-marmotte-1.jpg","type":"image\/jpeg"}],"twitter_card":"summary_large_image","twitter_misc":{"Gesch\u00e4tzte Lesezeit":"1\u00a0Minute"},"schema":{"@context":"https:\/\/schema.org","@graph":[{"@type":"WebPage","@id":"https:\/\/pedaleurdecharme.com\/product\/wielersokken-la-marmotte\/","url":"https:\/\/pedaleurdecharme.com\/product\/wielersokken-la-marmotte\/","name":"Wielersokken La Marmotte - Charmanter Radfahrer","isPartOf":{"@id":"https:\/\/pedaleurdecharme.com\/#website"},"primaryImageOfPage":{"@id":"https:\/\/pedaleurdecharme.com\/product\/wielersokken-la-marmotte\/#primaryimage"},"image":{"@id":"https:\/\/pedaleurdecharme.com\/product\/wielersokken-la-marmotte\/#primaryimage"},"thumbnailUrl":"https:\/\/pedaleurdecharme.com\/wp-content\/uploads\/2022\/07\/wielersok-la-marmotte-1.jpg","datePublished":"2022-07-27T19:09:26+00:00","dateModified":"2026-02-12T12:51:14+00:00","description":"Wenn Sie La Marmotte fahren werden Sie ziemlich leiden, aber mit diesen Socken werden Sie gut aussehen! Bestellen Sie sie jetzt.","breadcrumb":{"@id":"https:\/\/pedaleurdecharme.com\/product\/wielersokken-la-marmotte\/#breadcrumb"},"inLanguage":"de","potentialAction":[{"@type":"ReadAction","target":["https:\/\/pedaleurdecharme.com\/product\/wielersokken-la-marmotte\/"]}]},{"@type":"ImageObject","inLanguage":"de","@id":"https:\/\/pedaleurdecharme.com\/product\/wielersokken-la-marmotte\/#primaryimage","url":"https:\/\/pedaleurdecharme.com\/wp-content\/uploads\/2022\/07\/wielersok-la-marmotte-1.jpg","contentUrl":"https:\/\/pedaleurdecharme.com\/wp-content\/uploads\/2022\/07\/wielersok-la-marmotte-1.jpg","width":800,"height":1017},{"@type":"BreadcrumbList","@id":"https:\/\/pedaleurdecharme.com\/product\/wielersokken-la-marmotte\/#breadcrumb","itemListElement":[{"@type":"ListItem","position":1,"name":"Home","item":"https:\/\/pedaleurdecharme.com\/"},{"@type":"ListItem","position":2,"name":"Winkel","item":"https:\/\/pedaleurdecharme.com\/winkel\/"},{"@type":"ListItem","position":3,"name":"Wielersokken La Marmotte"}]},{"@type":"WebSite","@id":"https:\/\/pedaleurdecharme.com\/#website","url":"https:\/\/pedaleurdecharme.com\/","name":"Pedaleur de Charme","description":"Nicht f\u00fcr jeden gemacht. F\u00fcr dich gemacht","potentialAction":[{"@type":"SearchAction","target":{"@type":"EntryPoint","urlTemplate":"https:\/\/pedaleurdecharme.com\/?s={search_term_string}"},"query-input":{"@type":"PropertyValueSpecification","valueRequired":true,"valueName":"search_term_string"}}],"inLanguage":"de"}]}},"_links":{"self":[{"href":"https:\/\/pedaleurdecharme.com\/de\/wp-json\/wp\/v2\/product\/946","targetHints":{"allow":["GET"]}}],"collection":[{"href":"https:\/\/pedaleurdecharme.com\/de\/wp-json\/wp\/v2\/product"}],"about":[{"href":"https:\/\/pedaleurdecharme.com\/de\/wp-json\/wp\/v2\/types\/product"}],"replies":[{"embeddable":true,"href":"https:\/\/pedaleurdecharme.com\/de\/wp-json\/wp\/v2\/comments?post=946"}],"wp:featuredmedia":[{"embeddable":true,"href":"https:\/\/pedaleurdecharme.com\/de\/wp-json\/wp\/v2\/media\/3165"}],"wp:attachment":[{"href":"https:\/\/pedaleurdecharme.com\/de\/wp-json\/wp\/v2\/media?parent=946"}],"wp:term":[{"taxonomy":"product_brand","embeddable":true,"href":"https:\/\/pedaleurdecharme.com\/de\/wp-json\/wp\/v2\/product_brand?post=946"},{"taxonomy":"product_cat","embeddable":true,"href":"https:\/\/pedaleurdecharme.com\/de\/wp-json\/wp\/v2\/product_cat?post=946"},{"taxonomy":"product_tag","embeddable":true,"href":"https:\/\/pedaleurdecharme.com\/de\/wp-json\/wp\/v2\/product_tag?post=946"}],"curies":[{"name":"wp","href":"https:\/\/api.w.org\/{rel}","templated":true}]}}