{"id":3349,"date":"2025-04-24T10:21:13","date_gmt":"2025-04-24T08:21:13","guid":{"rendered":"https:\/\/pedaleurdecharme.nl\/?post_type=product&#038;p=3349"},"modified":"2026-04-14T21:10:29","modified_gmt":"2026-04-14T19:10:29","slug":"aero-uberschuhe-weis","status":"publish","type":"product","link":"https:\/\/pedaleurdecharme.com\/de\/product\/aero-overschoenen-wit\/","title":{"rendered":"Aero-\u00dcberschuhe wei\u00df"},"content":{"rendered":"<p>Die \u00dcberschuhe haben einen doppelten Silikonstreifen, so dass sie an ihrem Platz bleiben und nicht durchh\u00e4ngen. Es ist ein hochwertiges Produkt, aber zu einem sehr wettbewerbsf\u00e4higen Preis.<\/p>\n<p><strong>Waschanleitung<\/strong><\/p>\n<ul>\n<li>Waschen bei 30 Grad<\/li>\n<li>Nicht in den Trockner geben<\/li>\n<\/ul>\n<p><strong>Stoff<\/strong><br \/>\n45% Polyester<br \/>\n30% PU<br \/>\n20% Nylon<br \/>\n5% Elasthan<\/p>\n<p><strong>Ungef\u00e4hre Abmessungen<\/strong><br \/>\nS - 38 - 40<br \/>\nM - 40-43<br \/>\nL - 43-45<br \/>\nXL - 45-47<\/p>\n<p>Die \u00dcberschuhe haben eine Aerofit-Passform. Wenn Sie Zweifel an der Gr\u00f6\u00dfe haben, nehmen Sie eine Nummer gr\u00f6\u00dfer.<\/p>\n<p><strong>Versand<\/strong><\/p>\n<p>Wir versenden innerhalb von 1-2 Werktagen, auch an die <a href=\"https:\/\/pedaleurdecharme.com\/de\/versandkosten\/\" target=\"_blank\" rel=\"noopener noreferrer\">im Ausland<\/a>.<\/p>","protected":false},"excerpt":{"rendered":"<p>Unsere Aero-\u00dcberschuhe haben mehrere Vorteile: Sie sch\u00fctzen Ihre Schuhe vor Schmutz und leichtem Regen, und der Luftwiderstand um Ihre F\u00fc\u00dfe verringert sich. Au\u00dferdem sehen sie superschick aus! W\u00e4hlen Sie die wei\u00dfe oder die <a href=\"https:\/\/pedaleurdecharme.com\/de\/produkt\/personalisierte-aero-uberschuhe\/\">Personalisierte<\/a> Variante.<\/p>\n<p>Die \u00dcberschuhe haben eine Aerofit-Passform. Wenn Sie Zweifel an der Gr\u00f6\u00dfe haben, nehmen Sie eine Nummer gr\u00f6\u00dfer.<\/p>","protected":false},"featured_media":3356,"comment_status":"open","ping_status":"closed","template":"","meta":[],"product_brand":[340],"product_cat":[316],"product_tag":[337,339,338,317],"class_list":{"0":"post-3349","1":"product","2":"type-product","3":"status-publish","4":"has-post-thumbnail","6":"product_brand-pedaleur-de-charme","7":"product_cat-aero-overschoenen","8":"product_tag-aero-botjes","9":"product_tag-aero-overschoenen","10":"product_tag-botjes","11":"product_tag-overschoenen","13":"first","14":"instock","15":"featured","16":"shipping-taxable","17":"purchasable","18":"product-type-variable"},"yoast_head":"<!-- This site is optimized with the Yoast SEO plugin v27.2 - https:\/\/yoast.com\/product\/yoast-seo-wordpress\/ -->\n<title>Aero overschoenen wit - Pedaleur de Charme<\/title>\n<meta name=\"description\" content=\"Met deze aero overschoenen bescherm je niet alleen je schoenen tegen vuil en bespaar je kostbare watts, je ziet er ook nog eens superstrak uit!\" \/>\n<meta name=\"robots\" content=\"index, follow, max-snippet:-1, max-image-preview:large, max-video-preview:-1\" \/>\n<link rel=\"canonical\" href=\"https:\/\/pedaleurdecharme.com\/de\/produkt\/aero-uberschuhe-weis\/\" \/>\n<meta property=\"og:locale\" content=\"de_DE\" \/>\n<meta property=\"og:type\" content=\"article\" \/>\n<meta property=\"og:title\" content=\"Aero overschoenen wit - Pedaleur de Charme\" \/>\n<meta property=\"og:description\" content=\"Met deze aero overschoenen bescherm je niet alleen je schoenen tegen vuil en bespaar je kostbare watts, je ziet er ook nog eens superstrak uit!\" \/>\n<meta property=\"og:url\" content=\"https:\/\/pedaleurdecharme.com\/de\/produkt\/aero-uberschuhe-weis\/\" \/>\n<meta property=\"og:site_name\" content=\"Pedaleur de Charme\" \/>\n<meta property=\"article:modified_time\" content=\"2026-04-14T19:10:29+00:00\" \/>\n<meta property=\"og:image\" content=\"https:\/\/pedaleurdecharme.com\/wp-content\/uploads\/2025\/04\/aero-overschoenen.jpg\" \/>\n\t<meta property=\"og:image:width\" content=\"800\" \/>\n\t<meta property=\"og:image:height\" content=\"1017\" \/>\n\t<meta property=\"og:image:type\" content=\"image\/jpeg\" \/>\n<meta name=\"twitter:card\" content=\"summary_large_image\" \/>\n<meta name=\"twitter:label1\" content=\"Gesch\u00e4tzte Lesezeit\" \/>\n\t<meta name=\"twitter:data1\" content=\"1\u00a0Minute\" \/>\n<script type=\"application\/ld+json\" class=\"yoast-schema-graph\">{\"@context\":\"https:\/\/schema.org\",\"@graph\":[{\"@type\":\"WebPage\",\"@id\":\"https:\/\/pedaleurdecharme.com\/product\/aero-overschoenen-wit\/\",\"url\":\"https:\/\/pedaleurdecharme.com\/product\/aero-overschoenen-wit\/\",\"name\":\"Aero overschoenen wit - Pedaleur de Charme\",\"isPartOf\":{\"@id\":\"https:\/\/pedaleurdecharme.com\/#website\"},\"primaryImageOfPage\":{\"@id\":\"https:\/\/pedaleurdecharme.com\/product\/aero-overschoenen-wit\/#primaryimage\"},\"image\":{\"@id\":\"https:\/\/pedaleurdecharme.com\/product\/aero-overschoenen-wit\/#primaryimage\"},\"thumbnailUrl\":\"https:\/\/pedaleurdecharme.com\/wp-content\/uploads\/2025\/04\/aero-overschoenen.jpg\",\"datePublished\":\"2025-04-24T08:21:13+00:00\",\"dateModified\":\"2026-04-14T19:10:29+00:00\",\"description\":\"Met deze aero overschoenen bescherm je niet alleen je schoenen tegen vuil en bespaar je kostbare watts, je ziet er ook nog eens superstrak uit!\",\"breadcrumb\":{\"@id\":\"https:\/\/pedaleurdecharme.com\/product\/aero-overschoenen-wit\/#breadcrumb\"},\"inLanguage\":\"de\",\"potentialAction\":[{\"@type\":\"ReadAction\",\"target\":[\"https:\/\/pedaleurdecharme.com\/product\/aero-overschoenen-wit\/\"]}]},{\"@type\":\"ImageObject\",\"inLanguage\":\"de\",\"@id\":\"https:\/\/pedaleurdecharme.com\/product\/aero-overschoenen-wit\/#primaryimage\",\"url\":\"https:\/\/pedaleurdecharme.com\/wp-content\/uploads\/2025\/04\/aero-overschoenen.jpg\",\"contentUrl\":\"https:\/\/pedaleurdecharme.com\/wp-content\/uploads\/2025\/04\/aero-overschoenen.jpg\",\"width\":800,\"height\":1017},{\"@type\":\"BreadcrumbList\",\"@id\":\"https:\/\/pedaleurdecharme.com\/product\/aero-overschoenen-wit\/#breadcrumb\",\"itemListElement\":[{\"@type\":\"ListItem\",\"position\":1,\"name\":\"Home\",\"item\":\"https:\/\/pedaleurdecharme.com\/\"},{\"@type\":\"ListItem\",\"position\":2,\"name\":\"Winkel\",\"item\":\"https:\/\/pedaleurdecharme.com\/winkel\/\"},{\"@type\":\"ListItem\",\"position\":3,\"name\":\"Aero overschoenen wit\"}]},{\"@type\":\"WebSite\",\"@id\":\"https:\/\/pedaleurdecharme.com\/#website\",\"url\":\"https:\/\/pedaleurdecharme.com\/\",\"name\":\"Pedaleur de Charme\",\"description\":\"Niet gemaakt voor iedereen. Gemaakt voor jou.\",\"potentialAction\":[{\"@type\":\"SearchAction\",\"target\":{\"@type\":\"EntryPoint\",\"urlTemplate\":\"https:\/\/pedaleurdecharme.com\/?s={search_term_string}\"},\"query-input\":{\"@type\":\"PropertyValueSpecification\",\"valueRequired\":true,\"valueName\":\"search_term_string\"}}],\"inLanguage\":\"de\"}]}<\/script>\n<!-- \/ Yoast SEO plugin. -->","yoast_head_json":{"title":"Aero-\u00dcberschuhe wei\u00df - Pedaleur de Charme","description":"Mit diesen Aero-\u00dcberschuhen sch\u00fctzen Sie nicht nur Ihre Schuhe vor Schmutz und sparen wertvolle Watt, sondern sehen auch noch superschick aus!","robots":{"index":"index","follow":"follow","max-snippet":"max-snippet:-1","max-image-preview":"max-image-preview:large","max-video-preview":"max-video-preview:-1"},"canonical":"https:\/\/pedaleurdecharme.com\/de\/produkt\/aero-uberschuhe-weis\/","og_locale":"de_DE","og_type":"article","og_title":"Aero overschoenen wit - Pedaleur de Charme","og_description":"Met deze aero overschoenen bescherm je niet alleen je schoenen tegen vuil en bespaar je kostbare watts, je ziet er ook nog eens superstrak uit!","og_url":"https:\/\/pedaleurdecharme.com\/de\/produkt\/aero-uberschuhe-weis\/","og_site_name":"Pedaleur de Charme","article_modified_time":"2026-04-14T19:10:29+00:00","og_image":[{"width":800,"height":1017,"url":"https:\/\/pedaleurdecharme.com\/wp-content\/uploads\/2025\/04\/aero-overschoenen.jpg","type":"image\/jpeg"}],"twitter_card":"summary_large_image","twitter_misc":{"Gesch\u00e4tzte Lesezeit":"1\u00a0Minute"},"schema":{"@context":"https:\/\/schema.org","@graph":[{"@type":"WebPage","@id":"https:\/\/pedaleurdecharme.com\/product\/aero-overschoenen-wit\/","url":"https:\/\/pedaleurdecharme.com\/product\/aero-overschoenen-wit\/","name":"Aero-\u00dcberschuhe wei\u00df - Pedaleur de Charme","isPartOf":{"@id":"https:\/\/pedaleurdecharme.com\/#website"},"primaryImageOfPage":{"@id":"https:\/\/pedaleurdecharme.com\/product\/aero-overschoenen-wit\/#primaryimage"},"image":{"@id":"https:\/\/pedaleurdecharme.com\/product\/aero-overschoenen-wit\/#primaryimage"},"thumbnailUrl":"https:\/\/pedaleurdecharme.com\/wp-content\/uploads\/2025\/04\/aero-overschoenen.jpg","datePublished":"2025-04-24T08:21:13+00:00","dateModified":"2026-04-14T19:10:29+00:00","description":"Mit diesen Aero-\u00dcberschuhen sch\u00fctzen Sie nicht nur Ihre Schuhe vor Schmutz und sparen wertvolle Watt, sondern sehen auch noch superschick aus!","breadcrumb":{"@id":"https:\/\/pedaleurdecharme.com\/product\/aero-overschoenen-wit\/#breadcrumb"},"inLanguage":"de","potentialAction":[{"@type":"ReadAction","target":["https:\/\/pedaleurdecharme.com\/product\/aero-overschoenen-wit\/"]}]},{"@type":"ImageObject","inLanguage":"de","@id":"https:\/\/pedaleurdecharme.com\/product\/aero-overschoenen-wit\/#primaryimage","url":"https:\/\/pedaleurdecharme.com\/wp-content\/uploads\/2025\/04\/aero-overschoenen.jpg","contentUrl":"https:\/\/pedaleurdecharme.com\/wp-content\/uploads\/2025\/04\/aero-overschoenen.jpg","width":800,"height":1017},{"@type":"BreadcrumbList","@id":"https:\/\/pedaleurdecharme.com\/product\/aero-overschoenen-wit\/#breadcrumb","itemListElement":[{"@type":"ListItem","position":1,"name":"Home","item":"https:\/\/pedaleurdecharme.com\/"},{"@type":"ListItem","position":2,"name":"Winkel","item":"https:\/\/pedaleurdecharme.com\/winkel\/"},{"@type":"ListItem","position":3,"name":"Aero overschoenen wit"}]},{"@type":"WebSite","@id":"https:\/\/pedaleurdecharme.com\/#website","url":"https:\/\/pedaleurdecharme.com\/","name":"Pedaleur de Charme","description":"Nicht f\u00fcr jeden gemacht. F\u00fcr dich gemacht","potentialAction":[{"@type":"SearchAction","target":{"@type":"EntryPoint","urlTemplate":"https:\/\/pedaleurdecharme.com\/?s={search_term_string}"},"query-input":{"@type":"PropertyValueSpecification","valueRequired":true,"valueName":"search_term_string"}}],"inLanguage":"de"}]}},"_links":{"self":[{"href":"https:\/\/pedaleurdecharme.com\/de\/wp-json\/wp\/v2\/product\/3349","targetHints":{"allow":["GET"]}}],"collection":[{"href":"https:\/\/pedaleurdecharme.com\/de\/wp-json\/wp\/v2\/product"}],"about":[{"href":"https:\/\/pedaleurdecharme.com\/de\/wp-json\/wp\/v2\/types\/product"}],"replies":[{"embeddable":true,"href":"https:\/\/pedaleurdecharme.com\/de\/wp-json\/wp\/v2\/comments?post=3349"}],"wp:featuredmedia":[{"embeddable":true,"href":"https:\/\/pedaleurdecharme.com\/de\/wp-json\/wp\/v2\/media\/3356"}],"wp:attachment":[{"href":"https:\/\/pedaleurdecharme.com\/de\/wp-json\/wp\/v2\/media?parent=3349"}],"wp:term":[{"taxonomy":"product_brand","embeddable":true,"href":"https:\/\/pedaleurdecharme.com\/de\/wp-json\/wp\/v2\/product_brand?post=3349"},{"taxonomy":"product_cat","embeddable":true,"href":"https:\/\/pedaleurdecharme.com\/de\/wp-json\/wp\/v2\/product_cat?post=3349"},{"taxonomy":"product_tag","embeddable":true,"href":"https:\/\/pedaleurdecharme.com\/de\/wp-json\/wp\/v2\/product_tag?post=3349"}],"curies":[{"name":"wp","href":"https:\/\/api.w.org\/{rel}","templated":true}]}}