{"id":1951,"date":"2023-08-11T12:23:33","date_gmt":"2023-08-11T12:23:33","guid":{"rendered":"https:\/\/pedaleurdecharme.nl\/?post_type=product&#038;p=1951"},"modified":"2026-03-08T14:41:41","modified_gmt":"2026-03-08T12:41:41","slug":"wielersokken-zwart","status":"publish","type":"product","link":"https:\/\/pedaleurdecharme.com\/de\/product\/wielersokken-zwart\/","title":{"rendered":"Radsocken schwarz"},"content":{"rendered":"<p>Die Socken sind von hoher Qualit\u00e4t, aber zu einem sehr g\u00fcnstigen Preis.<\/p>\n<p><strong>Waschanleitung<\/strong><\/p>\n<ul>\n<li>Waschen bei 30 Grad<\/li>\n<li>Nicht in den Trockner geben<\/li>\n<\/ul>\n<p><strong>Stoff<\/strong><\/p>\n<p>Polyester<\/p>\n<p><strong>Versand<\/strong><\/p>\n<p>Wir versenden innerhalb von 1-2 Werktagen, auch an die <a href=\"https:\/\/pedaleurdecharme.com\/de\/versandkosten\/\" target=\"_blank\" rel=\"noopener noreferrer\">im Ausland<\/a>.<\/p>","protected":false},"excerpt":{"rendered":"<p>Kein Aufhebens, nur schwarze Radsocken! Ideal f\u00fcr Fahrten bei schlechtem Wetter oder abseits der \u00fcblichen Wege. Diese Radsocken von Pedaleur de Charme sind qualitativ hochwertig und dennoch preisg\u00fcnstig. Au\u00dferdem sehen Sie mit diesen Radsocken immer gut aus!<\/p>","protected":false},"featured_media":1954,"comment_status":"open","ping_status":"closed","template":"","meta":[],"product_brand":[340],"product_cat":[19],"product_tag":[333,334,335,66,336,52,51,285,22,286],"class_list":{"0":"post-1951","1":"product","2":"type-product","3":"status-publish","4":"has-post-thumbnail","6":"product_brand-pedaleur-de-charme","7":"product_cat-wielersokken","8":"product_tag-fietskousen","9":"product_tag-koerssokken","10":"product_tag-kousen","11":"product_tag-sokken","12":"product_tag-wielerkousen","13":"product_tag-wielersokken","14":"product_tag-wielrensokken","15":"product_tag-wielsersok-zwart","16":"product_tag-zwart","17":"product_tag-zwarte-sokken","19":"first","20":"instock","21":"shipping-taxable","22":"purchasable","23":"product-type-variable"},"yoast_head":"<!-- This site is optimized with the Yoast SEO plugin v27.4 - https:\/\/yoast.com\/product\/yoast-seo-wordpress\/ -->\n<title>Wielersokken zwart - Pedaleur de Charme<\/title>\n<meta name=\"description\" content=\"Geen gedoe, gewoon zwarte wielersokken! Ideaal voor ritten in minder weer, of buiten de gebaande paden. Met deze sokken zie je er altijd goed uit!\" \/>\n<meta name=\"robots\" content=\"index, follow, max-snippet:-1, max-image-preview:large, max-video-preview:-1\" \/>\n<link rel=\"canonical\" href=\"https:\/\/pedaleurdecharme.com\/de\/produkt\/wielersokken-zwart\/\" \/>\n<meta property=\"og:locale\" content=\"de_DE\" \/>\n<meta property=\"og:type\" content=\"article\" \/>\n<meta property=\"og:title\" content=\"Wielersokken zwart - Pedaleur de Charme\" \/>\n<meta property=\"og:description\" content=\"Geen gedoe, gewoon zwarte wielersokken! Ideaal voor ritten in minder weer, of buiten de gebaande paden. Met deze sokken zie je er altijd goed uit!\" \/>\n<meta property=\"og:url\" content=\"https:\/\/pedaleurdecharme.com\/de\/produkt\/wielersokken-zwart\/\" \/>\n<meta property=\"og:site_name\" content=\"Pedaleur de Charme\" \/>\n<meta property=\"article:modified_time\" content=\"2026-03-08T12:41:41+00:00\" \/>\n<meta property=\"og:image\" content=\"https:\/\/pedaleurdecharme.com\/wp-content\/uploads\/2023\/08\/wielersok-zwart.jpg\" \/>\n\t<meta property=\"og:image:width\" content=\"800\" \/>\n\t<meta property=\"og:image:height\" content=\"1017\" \/>\n\t<meta property=\"og:image:type\" content=\"image\/jpeg\" \/>\n<meta name=\"twitter:card\" content=\"summary_large_image\" \/>\n<meta name=\"twitter:label1\" content=\"Gesch\u00e4tzte Lesezeit\" \/>\n\t<meta name=\"twitter:data1\" content=\"1\u00a0Minute\" \/>\n<script type=\"application\/ld+json\" class=\"yoast-schema-graph\">{\"@context\":\"https:\\\/\\\/schema.org\",\"@graph\":[{\"@type\":\"WebPage\",\"@id\":\"https:\\\/\\\/pedaleurdecharme.com\\\/product\\\/wielersokken-zwart\\\/\",\"url\":\"https:\\\/\\\/pedaleurdecharme.com\\\/product\\\/wielersokken-zwart\\\/\",\"name\":\"Wielersokken zwart - Pedaleur de Charme\",\"isPartOf\":{\"@id\":\"https:\\\/\\\/pedaleurdecharme.com\\\/#website\"},\"primaryImageOfPage\":{\"@id\":\"https:\\\/\\\/pedaleurdecharme.com\\\/product\\\/wielersokken-zwart\\\/#primaryimage\"},\"image\":{\"@id\":\"https:\\\/\\\/pedaleurdecharme.com\\\/product\\\/wielersokken-zwart\\\/#primaryimage\"},\"thumbnailUrl\":\"https:\\\/\\\/pedaleurdecharme.com\\\/wp-content\\\/uploads\\\/2023\\\/08\\\/wielersok-zwart.jpg\",\"datePublished\":\"2023-08-11T12:23:33+00:00\",\"dateModified\":\"2026-03-08T12:41:41+00:00\",\"description\":\"Geen gedoe, gewoon zwarte wielersokken! Ideaal voor ritten in minder weer, of buiten de gebaande paden. Met deze sokken zie je er altijd goed uit!\",\"breadcrumb\":{\"@id\":\"https:\\\/\\\/pedaleurdecharme.com\\\/product\\\/wielersokken-zwart\\\/#breadcrumb\"},\"inLanguage\":\"de\",\"potentialAction\":[{\"@type\":\"ReadAction\",\"target\":[\"https:\\\/\\\/pedaleurdecharme.com\\\/product\\\/wielersokken-zwart\\\/\"]}]},{\"@type\":\"ImageObject\",\"inLanguage\":\"de\",\"@id\":\"https:\\\/\\\/pedaleurdecharme.com\\\/product\\\/wielersokken-zwart\\\/#primaryimage\",\"url\":\"https:\\\/\\\/pedaleurdecharme.com\\\/wp-content\\\/uploads\\\/2023\\\/08\\\/wielersok-zwart.jpg\",\"contentUrl\":\"https:\\\/\\\/pedaleurdecharme.com\\\/wp-content\\\/uploads\\\/2023\\\/08\\\/wielersok-zwart.jpg\",\"width\":800,\"height\":1017},{\"@type\":\"BreadcrumbList\",\"@id\":\"https:\\\/\\\/pedaleurdecharme.com\\\/product\\\/wielersokken-zwart\\\/#breadcrumb\",\"itemListElement\":[{\"@type\":\"ListItem\",\"position\":1,\"name\":\"Home\",\"item\":\"https:\\\/\\\/pedaleurdecharme.com\\\/\"},{\"@type\":\"ListItem\",\"position\":2,\"name\":\"Winkel\",\"item\":\"https:\\\/\\\/pedaleurdecharme.com\\\/winkel\\\/\"},{\"@type\":\"ListItem\",\"position\":3,\"name\":\"Wielersokken zwart\"}]},{\"@type\":\"WebSite\",\"@id\":\"https:\\\/\\\/pedaleurdecharme.com\\\/#website\",\"url\":\"https:\\\/\\\/pedaleurdecharme.com\\\/\",\"name\":\"Pedaleur de Charme\",\"description\":\"Niet gemaakt voor iedereen. Gemaakt voor jou.\",\"potentialAction\":[{\"@type\":\"SearchAction\",\"target\":{\"@type\":\"EntryPoint\",\"urlTemplate\":\"https:\\\/\\\/pedaleurdecharme.com\\\/?s={search_term_string}\"},\"query-input\":{\"@type\":\"PropertyValueSpecification\",\"valueRequired\":true,\"valueName\":\"search_term_string\"}}],\"inLanguage\":\"de\"}]}<\/script>\n<!-- \/ Yoast SEO plugin. -->","yoast_head_json":{"title":"Wielersokken zwart - Pedaleur de Charme","description":"Geen gedoe, gewoon zwarte wielersokken! Ideaal voor ritten in minder weer, of buiten de gebaande paden. Met deze sokken zie je er altijd goed uit!","robots":{"index":"index","follow":"follow","max-snippet":"max-snippet:-1","max-image-preview":"max-image-preview:large","max-video-preview":"max-video-preview:-1"},"canonical":"https:\/\/pedaleurdecharme.com\/de\/produkt\/wielersokken-zwart\/","og_locale":"de_DE","og_type":"article","og_title":"Wielersokken zwart - Pedaleur de Charme","og_description":"Geen gedoe, gewoon zwarte wielersokken! Ideaal voor ritten in minder weer, of buiten de gebaande paden. Met deze sokken zie je er altijd goed uit!","og_url":"https:\/\/pedaleurdecharme.com\/de\/produkt\/wielersokken-zwart\/","og_site_name":"Pedaleur de Charme","article_modified_time":"2026-03-08T12:41:41+00:00","og_image":[{"width":800,"height":1017,"url":"https:\/\/pedaleurdecharme.com\/wp-content\/uploads\/2023\/08\/wielersok-zwart.jpg","type":"image\/jpeg"}],"twitter_card":"summary_large_image","twitter_misc":{"Gesch\u00e4tzte Lesezeit":"1\u00a0Minute"},"schema":{"@context":"https:\/\/schema.org","@graph":[{"@type":"WebPage","@id":"https:\/\/pedaleurdecharme.com\/product\/wielersokken-zwart\/","url":"https:\/\/pedaleurdecharme.com\/product\/wielersokken-zwart\/","name":"Wielersokken zwart - Pedaleur de Charme","isPartOf":{"@id":"https:\/\/pedaleurdecharme.com\/#website"},"primaryImageOfPage":{"@id":"https:\/\/pedaleurdecharme.com\/product\/wielersokken-zwart\/#primaryimage"},"image":{"@id":"https:\/\/pedaleurdecharme.com\/product\/wielersokken-zwart\/#primaryimage"},"thumbnailUrl":"https:\/\/pedaleurdecharme.com\/wp-content\/uploads\/2023\/08\/wielersok-zwart.jpg","datePublished":"2023-08-11T12:23:33+00:00","dateModified":"2026-03-08T12:41:41+00:00","description":"Geen gedoe, gewoon zwarte wielersokken! Ideaal voor ritten in minder weer, of buiten de gebaande paden. Met deze sokken zie je er altijd goed uit!","breadcrumb":{"@id":"https:\/\/pedaleurdecharme.com\/product\/wielersokken-zwart\/#breadcrumb"},"inLanguage":"de","potentialAction":[{"@type":"ReadAction","target":["https:\/\/pedaleurdecharme.com\/product\/wielersokken-zwart\/"]}]},{"@type":"ImageObject","inLanguage":"de","@id":"https:\/\/pedaleurdecharme.com\/product\/wielersokken-zwart\/#primaryimage","url":"https:\/\/pedaleurdecharme.com\/wp-content\/uploads\/2023\/08\/wielersok-zwart.jpg","contentUrl":"https:\/\/pedaleurdecharme.com\/wp-content\/uploads\/2023\/08\/wielersok-zwart.jpg","width":800,"height":1017},{"@type":"BreadcrumbList","@id":"https:\/\/pedaleurdecharme.com\/product\/wielersokken-zwart\/#breadcrumb","itemListElement":[{"@type":"ListItem","position":1,"name":"Home","item":"https:\/\/pedaleurdecharme.com\/"},{"@type":"ListItem","position":2,"name":"Winkel","item":"https:\/\/pedaleurdecharme.com\/winkel\/"},{"@type":"ListItem","position":3,"name":"Wielersokken zwart"}]},{"@type":"WebSite","@id":"https:\/\/pedaleurdecharme.com\/#website","url":"https:\/\/pedaleurdecharme.com\/","name":"Pedaleur de Charme","description":"Nicht f\u00fcr jeden gemacht. F\u00fcr dich gemacht","potentialAction":[{"@type":"SearchAction","target":{"@type":"EntryPoint","urlTemplate":"https:\/\/pedaleurdecharme.com\/?s={search_term_string}"},"query-input":{"@type":"PropertyValueSpecification","valueRequired":true,"valueName":"search_term_string"}}],"inLanguage":"de"}]}},"_links":{"self":[{"href":"https:\/\/pedaleurdecharme.com\/de\/wp-json\/wp\/v2\/product\/1951","targetHints":{"allow":["GET"]}}],"collection":[{"href":"https:\/\/pedaleurdecharme.com\/de\/wp-json\/wp\/v2\/product"}],"about":[{"href":"https:\/\/pedaleurdecharme.com\/de\/wp-json\/wp\/v2\/types\/product"}],"replies":[{"embeddable":true,"href":"https:\/\/pedaleurdecharme.com\/de\/wp-json\/wp\/v2\/comments?post=1951"}],"wp:featuredmedia":[{"embeddable":true,"href":"https:\/\/pedaleurdecharme.com\/de\/wp-json\/wp\/v2\/media\/1954"}],"wp:attachment":[{"href":"https:\/\/pedaleurdecharme.com\/de\/wp-json\/wp\/v2\/media?parent=1951"}],"wp:term":[{"taxonomy":"product_brand","embeddable":true,"href":"https:\/\/pedaleurdecharme.com\/de\/wp-json\/wp\/v2\/product_brand?post=1951"},{"taxonomy":"product_cat","embeddable":true,"href":"https:\/\/pedaleurdecharme.com\/de\/wp-json\/wp\/v2\/product_cat?post=1951"},{"taxonomy":"product_tag","embeddable":true,"href":"https:\/\/pedaleurdecharme.com\/de\/wp-json\/wp\/v2\/product_tag?post=1951"}],"curies":[{"name":"wp","href":"https:\/\/api.w.org\/{rel}","templated":true}]}}